{"id":5472,"date":"2025-03-21T13:13:12","date_gmt":"2025-03-21T12:13:12","guid":{"rendered":"https:\/\/www.swissrtec.ch\/plants-and-solutions\/"},"modified":"2025-08-15T10:12:17","modified_gmt":"2025-08-15T08:12:17","slug":"plants-and-solutions","status":"publish","type":"page","link":"https:\/\/www.swissrtec.ch\/de\/plants-and-solutions\/","title":{"rendered":"ANLAGEN UND L\u00d6SUNGEN"},"content":{"rendered":"","protected":false},"excerpt":{"rendered":"","protected":false},"author":1,"featured_media":0,"parent":0,"menu_order":0,"comment_status":"closed","ping_status":"closed","template":"","meta":{"_acf_changed":false,"inline_featured_image":false,"footnotes":""},"class_list":["post-5472","page","type-page","status-publish","hentry"],"acf":{"module":[{"acf_fc_layout":"text_und_link","beschriftung_backend":"Find your Matching Plant here","einstellungen":{"deactivate":false,"abstand_oben":0,"padding_oben":35,"padding_unten":35,"abstand_unten":35,"hintergrundfarbe":"rgb(0,230,210)","volle_breite":false},"text":"<h2 style=\"text-align: center;\">FINDEN SIE HIER IHRE PASSENDE ANLAGE<\/h2>","button":{"title":"ANLAGEN FINDER","url":"https:\/\/www.swissrtec.ch\/de\/anlagenfinder\/","target":""}},{"acf_fc_layout":"zeile_2","beschriftung_backend":"","einstellungen":{"deactivate":false,"abstand_oben":35,"padding_oben":35,"padding_unten":35,"abstand_unten":35,"hintergrundfarbe":"","volle_breite":false},"mobile_reverse":false,"spalten":"1","spalte_1":{"inhalt":"text","text":"<h2>WIR BAUEN HOCHWERTIGE UND LEISTUNGSSTARKE RECYCLINGANLAGEN<\/h2>\r\n<div class=\"h2\"><span class=\"fw-normal\">Ma\u00dfgeschneidert fu\u0308r Ihre Recyclingprozesse<\/span><\/div>","textausrichtung":"justify-content-start","bild":null,"bildbeschriftung":"","bildgrose":false,"bildlink":null},"spalte_2":{"inhalt":false,"text":"","textausrichtung":false,"bild":null,"bildbeschriftung":"","bildgrose":false,"bildlink":null},"spalte_3":{"inhalt":false,"text":"","textausrichtung":false,"bild":null,"bildbeschriftung":"","bildgrose":false,"bildlink":null}},{"acf_fc_layout":"3_steps_2","beschriftung_backend":"","einstellungen":{"deactivate":false,"abstand_oben":35,"padding_oben":35,"padding_unten":35,"abstand_unten":35,"hintergrundfarbe":"","volle_breite":false},"text":"","step_1_bild":3728,"step_1_text":"<h3>VON DER PLANUNG<\/h3>\r\nVon der ersten Idee bis zur detaillierten Planung - wir liefern L\u00f6sungen, die genau auf Ihre Recyclinganforderungen zugeschnitten sind.","step_2_bild":3729,"step_2_text":"<h3>UND DER KONSTRUKTION<\/h3>\r\nUnsere Experten setzen Ihre Pl\u00e4ne in ma\u00dfgeschneiderte Anlagen um - pr\u00e4zise, zuverl\u00e4ssig und nachhaltig effizient.","step_3_bild":3730,"step_3_text":"<h3>BIS ZUR INBETRIEBNAHME<\/h3>\r\nNach der Installation f\u00fchren wir die Inbetriebnahme durch und sorgen daf\u00fcr, dass Ihre Anlage reibungslos anl\u00e4uft.","button":""},{"acf_fc_layout":"zeile_2","beschriftung_backend":"WHY SWISSRTEC?","einstellungen":{"deactivate":false,"abstand_oben":35,"padding_oben":70,"padding_unten":0,"abstand_unten":0,"hintergrundfarbe":"rgb(235,235,235)","volle_breite":false},"mobile_reverse":false,"spalten":"1","spalte_1":{"inhalt":"text","text":"<h2>WARUM swissRTec AG?<\/h2>","textausrichtung":"justify-content-start","bild":null,"bildbeschriftung":"","bildgrose":false,"bildlink":null},"spalte_2":{"inhalt":false,"text":"","textausrichtung":false,"bild":null,"bildbeschriftung":"","bildgrose":false,"bildlink":null},"spalte_3":{"inhalt":false,"text":"","textausrichtung":false,"bild":null,"bildbeschriftung":"","bildgrose":false,"bildlink":null}},{"acf_fc_layout":"three_columns","beschriftung_backend":"","einstellungen":{"deactivate":false,"abstand_oben":0,"padding_oben":35,"padding_unten":70,"abstand_unten":35,"hintergrundfarbe":"rgb(235,235,235)","volle_breite":false},"bild_col_1":3771,"headline_col_1":"SWISS <br>QUALITY","text_col_1":"<p data-start=\"128\" data-end=\"296\">Unsere Standards sind h\u00f6her als unsere Berge. Mit der swissRTec AG profitiert Ihr Unternehmen von bew\u00e4hrter Schweizer Qualit\u00e4t und Pr\u00e4zision. SWISSNESS steht f\u00fcr:<\/p>\r\n\r\n<ul>\r\n \t<li>H\u00f6chsten Mehrwert<\/li>\r\n \t<li>Vertrauen<\/li>\r\n \t<li>Verantwortung<\/li>\r\n<\/ul>\r\n<p data-start=\"525\" data-end=\"604\"><em data-start=\"528\" data-end=\"604\">Schweizer Qualit\u00e4t, die Ihren Erfolg auf ein neues Niveau hebt - weltweit.<\/em><\/p>","bild_col_2":3772,"headline_col_2":"MAXIMALE EFFIZIENZ UND <br>HOHER ERTRAG","text_col_2":"Hohe Effizienz und Struktur sind entscheidend, denn wir wissen, dass unsere Kunden dies von uns genauso verlangen wie von sich selbst. Um diesem Anspruch gerecht zu werden, gehen wir bis ins kleinste Detail, um das Beste aus unseren Produkten herauszuholen:\r\n<ul>\r\n \t<li>H\u00f6chste Pr\u00e4zision<\/li>\r\n \t<li>Innovation<\/li>\r\n \t<li>Zuverl\u00e4ssigkeit<\/li>\r\n<\/ul>\r\n<p data-start=\"1089\" data-end=\"1143\"><em data-start=\"1092\" data-end=\"1143\">F\u00fcr alle, die mehr erwarten \u2013 und mehr erreichen.<\/em><\/p>","bild_col_3":3773,"headline_col_3":"FACHWISSEN UND <br>HIGH-END-TECHNOLOGIE","text_col_3":"Durch unsere langj\u00e4hrige Arbeit haben wir uns Knowhow und Wissen angeeignet, das seinesgleichen sucht. Als unser Kunde haben Sie Zugang zu unserem umfangreichen Wissenspool und k\u00f6nnen diesen zu Ihrem Vorteil nutzen.\r\n<ul>\r\n \t<li>Hochqualifizierte Fachkr\u00e4fte<\/li>\r\n \t<li>Tiefgehendes Branchenwissen<\/li>\r\n \t<li>Individuelle L\u00f6sungen<\/li>\r\n<\/ul>\r\n<p data-start=\"1598\" data-end=\"1676\"><em data-start=\"1601\" data-end=\"1676\">Kompetenz, die Ergebnisse liefert \u2013 vom ersten Gespr\u00e4ch bis zur Inbetriebnahme der Anlage.<\/em><\/p>"},{"acf_fc_layout":"zeile_2","beschriftung_backend":"THE PERFECT SOLUTION  FOR YOUR MATERIAL","einstellungen":{"deactivate":false,"abstand_oben":35,"padding_oben":35,"padding_unten":0,"abstand_unten":0,"hintergrundfarbe":"","volle_breite":false},"mobile_reverse":false,"spalten":"1","spalte_1":{"inhalt":"text","text":"<h2>DIE PERFEKTE L\u00d6SUNG<\/h2>\r\n<div class=\"h2\"><span class=\"fw-normal\">F\u00dcR IHR MATERIAL<\/span><\/div>","textausrichtung":"justify-content-start","bild":null,"bildbeschriftung":"","bildgrose":false,"bildlink":null},"spalte_2":{"inhalt":"bild","text":"","textausrichtung":false,"bild":3734,"bildbeschriftung":"","bildgrose":false,"bildlink":null},"spalte_3":{"inhalt":false,"text":"","textausrichtung":false,"bild":null,"bildbeschriftung":"","bildgrose":false,"bildlink":null}},{"acf_fc_layout":"anchor","beschriftung":"plants"},{"acf_fc_layout":"zeile_2","beschriftung_backend":"PLANTS","einstellungen":{"deactivate":false,"abstand_oben":35,"padding_oben":35,"padding_unten":35,"abstand_unten":35,"hintergrundfarbe":"","volle_breite":false},"mobile_reverse":true,"spalten":"2","spalte_1":{"inhalt":"text","text":"<h3>ANLAGEN<\/h3>\r\nUnsere Anlagen stehen f\u00fcr Effizienz und Zuverl\u00e4ssigkeit. Sie sind modular aufgebaut und lassen sich flexibel an Ihre Recyclinganforderungen anpassen, um eine maximale Materialausbeute und Wirtschaftlichkeit zu gew\u00e4hrleisten. Unsere Anlagen stehen f\u00fcr Spitzenleistungen in der Zerkleinerung, Aufschl\u00fcsslung und Trennung. Basierend auf unserem umfassenden Know-how aus weltweit erfolgreich betriebenen Anlagen werden sie an Ihre spezifischen Erwartungen angepasst und gew\u00e4hrleisten Spitzenleistungen, um Ihre Ziele zu erreichen.\r\n\r\n<a href=\"https:\/\/www.swissrtec.ch\/de\/products-de\/srt-1\/\"><strong class=\"text-uppercase mb-10\">SRT-1 | Shredder- und Separationsanlage<\/strong><\/a>\r\n<a href=\"https:\/\/www.swissrtec.ch\/de\/products-de\/srt-2\/\"><strong class=\"text-uppercase mb-10\">SRT-2 | Aufschluss- und Separationsanlage<\/strong><\/a>\r\n<a href=\"https:\/\/www.swissrtec.ch\/de\/products-de\/srt-libs\/\"><strong class=\"text-uppercase\">SRT-LIBS Li-Ion Batterien-Recyclinganlage<\/strong><\/a>","textausrichtung":"justify-content-center","bild":3735,"bildbeschriftung":"","bildgrose":false,"bildlink":null},"spalte_2":{"inhalt":"bild","text":"<h3>VERTIKAL SHREDDER<\/h3>\r\nDer Kubota Vertikal Shredder ist eine einzigartige Maschine, die wir f\u00fcr die effiziente Zerkleinerung verschiedener Abfall- und Schrottarten entwickelt haben. Er liefert gleichm\u00e4\u00dfig zerkleinerte Partikel, die eine effiziente nachgeschaltete Separation gew\u00e4hrleisten.\r\n\r\n<a href=\"https:\/\/www.swissrtec.ch\/de\/products-de\/vertical-shredder\/\"><strong class=\"text-uppercase\">Vertikal Shredder<\/strong><\/a>","textausrichtung":"justify-content-center","bild":3734,"bildbeschriftung":"","bildgrose":false,"bildlink":null},"spalte_3":{"inhalt":false,"text":"","textausrichtung":false,"bild":null,"bildbeschriftung":"","bildgrose":false,"bildlink":null}},{"acf_fc_layout":"anchor","beschriftung":"vertical-shredder"},{"acf_fc_layout":"zeile_2","beschriftung_backend":"VERTIKAL SHREDDER","einstellungen":{"deactivate":false,"abstand_oben":35,"padding_oben":35,"padding_unten":35,"abstand_unten":35,"hintergrundfarbe":"","volle_breite":false},"mobile_reverse":false,"spalten":"2","spalte_1":{"inhalt":"bild","text":"","textausrichtung":false,"bild":3735,"bildbeschriftung":"","bildgrose":false,"bildlink":null},"spalte_2":{"inhalt":"text","text":"<h3>VERTIKAL SHREDDER<\/h3>\r\nDer Kubota Vertikal Shredder ist eine einzigartige Maschine, die wir f\u00fcr die effiziente Zerkleinerung verschiedener Abfall- und Schrottarten entwickelt haben. Er liefert gleichm\u00e4\u00dfig zerkleinerte Partikel, die eine effiziente nachgeschaltete Separation gew\u00e4hrleisten.\r\n\r\n<a href=\"https:\/\/www.swissrtec.ch\/de\/products-de\/vertical-shredder\/\"><strong class=\"text-uppercase\">Vertikal Shredder<\/strong><\/a>","textausrichtung":"justify-content-center","bild":null,"bildbeschriftung":"","bildgrose":false,"bildlink":null},"spalte_3":{"inhalt":false,"text":"","textausrichtung":false,"bild":null,"bildbeschriftung":"","bildgrose":false,"bildlink":null}},{"acf_fc_layout":"anchor","beschriftung":"delamination-mills"},{"acf_fc_layout":"zeile_2","beschriftung_backend":"DELAMINATION MILLS","einstellungen":{"deactivate":false,"abstand_oben":35,"padding_oben":35,"padding_unten":35,"abstand_unten":35,"hintergrundfarbe":"","volle_breite":false},"mobile_reverse":true,"spalten":"2","spalte_1":{"inhalt":"text","text":"<h3>AUFSCHLUSSM\u00dcHLE<\/h3>\r\nUnsere Aufschlussm\u00fchle schliesst pr\u00e4zise und effektiv komplexe Verbundwerkstoffe auf und erm\u00f6glicht so eine effiziente Trennung in den nachgelagerten Prozessen. Dies erm\u00f6glicht eine hohe R\u00fcckgewinnungsquote und eine hohe Qualit\u00e4t der Wertstoffe.\r\n\r\n<a href=\"https:\/\/www.swissrtec.ch\/de\/products-de\/srt\/\"><strong class=\"text-uppercase mb-10\">Aufschlussm\u00fchle CCM<\/strong><\/a>\r\n<a href=\"https:\/\/www.swissrtec.ch\/de\/products-de\/delamination-mill-fine-cfm\/\"><strong class=\"text-uppercase mb-10\">Aufschlussm\u00fchle Fine CFM<\/strong><\/a>\r\n<a href=\"https:\/\/www.swissrtec.ch\/de\/products-de\/battery-master-mill-bmm\/\"><strong class=\"text-uppercase mb-10\">Battery Master Mill BMM<\/strong><\/a>","textausrichtung":"justify-content-center","bild":null,"bildbeschriftung":"","bildgrose":false,"bildlink":null},"spalte_2":{"inhalt":"bild","text":"","textausrichtung":false,"bild":3736,"bildbeschriftung":"","bildgrose":false,"bildlink":null},"spalte_3":{"inhalt":false,"text":"","textausrichtung":false,"bild":null,"bildbeschriftung":"","bildgrose":false,"bildlink":null}},{"acf_fc_layout":"anchor","beschriftung":"special-projects"},{"acf_fc_layout":"zeile_2","beschriftung_backend":"SPECIAL PROJECTS","einstellungen":{"deactivate":false,"abstand_oben":35,"padding_oben":35,"padding_unten":35,"abstand_unten":35,"hintergrundfarbe":"","volle_breite":false},"mobile_reverse":false,"spalten":"2","spalte_1":{"inhalt":"bild","text":"","textausrichtung":false,"bild":5426,"bildbeschriftung":"","bildgrose":false,"bildlink":null},"spalte_2":{"inhalt":"text","text":"<h3>SPEZIALPROJEKTE<\/h3>\r\nWir bieten Ihnen ma\u00dfgeschneiderte L\u00f6sungen f\u00fcr individuelle Recycling-Anforderungen. Ob spezielle Systeme oder innovative Konzepte - wir erarbeiten gemeinsam mit Ihnen die optimale L\u00f6sung als Anlagenplaner, Integrator oder als schl\u00fcsselfertige Anlage\r\n\r\n<a href=\"https:\/\/www.swissrtec.ch\/de\/products-de\/special-project\/\"><strong class=\"text-uppercase mb-10\">SPEZIALPROJEKTE<\/strong><\/a>","textausrichtung":"justify-content-center","bild":null,"bildbeschriftung":"","bildgrose":false,"bildlink":null},"spalte_3":{"inhalt":false,"text":"","textausrichtung":false,"bild":null,"bildbeschriftung":"","bildgrose":false,"bildlink":null}},{"acf_fc_layout":"text_und_link","beschriftung_backend":"Find your Matching Plant here","einstellungen":{"deactivate":false,"abstand_oben":0,"padding_oben":35,"padding_unten":35,"abstand_unten":0,"hintergrundfarbe":"","volle_breite":false},"text":"<p style=\"text-align: center;\"><a class=\"btn btn-primary mt-15 rounded-pill px-25 py-8 text-dark text-uppercase fw-bold\" href=\"https:\/\/www.swissrtec.ch\/de\/contact\/\" target=\"_self\">JETZT BERATUNG BUCHEN<\/a><\/p>","button":""}]},"yoast_head":"<!-- This site is optimized with the Yoast SEO plugin v25.3.1 - https:\/\/yoast.com\/wordpress\/plugins\/seo\/ -->\n<title>ANLAGEN UND L\u00d6SUNGEN - swissRTec AG<\/title>\n<meta name=\"description\" content=\"Entdecken Sie die innovativen Recyclinganlagen und L\u00f6sungen von swissRTec AG - f\u00fcr h\u00f6chste Effizienz bei der R\u00fcckgewinnung wertvoller Rohstoffe.\" \/>\n<meta name=\"robots\" content=\"index, follow, max-snippet:-1, max-image-preview:large, max-video-preview:-1\" \/>\n<link rel=\"canonical\" href=\"https:\/\/www.swissrtec.ch\/de\/plants-and-solutions\/\" \/>\n<meta property=\"og:locale\" content=\"de_DE\" \/>\n<meta property=\"og:type\" content=\"article\" \/>\n<meta property=\"og:title\" content=\"ANLAGEN UND L\u00d6SUNGEN - swissRTec AG\" \/>\n<meta property=\"og:description\" content=\"Entdecken Sie die innovativen Recyclinganlagen und L\u00f6sungen von swissRTec AG - f\u00fcr h\u00f6chste Effizienz bei der R\u00fcckgewinnung wertvoller Rohstoffe.\" \/>\n<meta property=\"og:url\" content=\"https:\/\/www.swissrtec.ch\/de\/plants-and-solutions\/\" \/>\n<meta property=\"og:site_name\" content=\"swissRTec AG\" \/>\n<meta property=\"article:modified_time\" content=\"2025-08-15T08:12:17+00:00\" \/>\n<meta name=\"twitter:card\" content=\"summary_large_image\" \/>\n<script type=\"application\/ld+json\" class=\"yoast-schema-graph\">{\"@context\":\"https:\/\/schema.org\",\"@graph\":[{\"@type\":\"WebPage\",\"@id\":\"https:\/\/www.swissrtec.ch\/de\/plants-and-solutions\/\",\"url\":\"https:\/\/www.swissrtec.ch\/de\/plants-and-solutions\/\",\"name\":\"ANLAGEN UND L\u00d6SUNGEN - swissRTec AG\",\"isPartOf\":{\"@id\":\"https:\/\/www.swissrtec.ch\/#website\"},\"datePublished\":\"2025-03-21T12:13:12+00:00\",\"dateModified\":\"2025-08-15T08:12:17+00:00\",\"description\":\"Entdecken Sie die innovativen Recyclinganlagen und L\u00f6sungen von swissRTec AG - f\u00fcr h\u00f6chste Effizienz bei der R\u00fcckgewinnung wertvoller Rohstoffe.\",\"breadcrumb\":{\"@id\":\"https:\/\/www.swissrtec.ch\/de\/plants-and-solutions\/#breadcrumb\"},\"inLanguage\":\"de\",\"potentialAction\":[{\"@type\":\"ReadAction\",\"target\":[\"https:\/\/www.swissrtec.ch\/de\/plants-and-solutions\/\"]}]},{\"@type\":\"BreadcrumbList\",\"@id\":\"https:\/\/www.swissrtec.ch\/de\/plants-and-solutions\/#breadcrumb\",\"itemListElement\":[{\"@type\":\"ListItem\",\"position\":1,\"name\":\"Home\",\"item\":\"https:\/\/www.swissrtec.ch\/de\/\"},{\"@type\":\"ListItem\",\"position\":2,\"name\":\"ANLAGEN UND L\u00d6SUNGEN\"}]},{\"@type\":\"WebSite\",\"@id\":\"https:\/\/www.swissrtec.ch\/#website\",\"url\":\"https:\/\/www.swissrtec.ch\/\",\"name\":\"swissRTec\",\"description\":\"\",\"publisher\":{\"@id\":\"https:\/\/www.swissrtec.ch\/#organization\"},\"potentialAction\":[{\"@type\":\"SearchAction\",\"target\":{\"@type\":\"EntryPoint\",\"urlTemplate\":\"https:\/\/www.swissrtec.ch\/?s={search_term_string}\"},\"query-input\":{\"@type\":\"PropertyValueSpecification\",\"valueRequired\":true,\"valueName\":\"search_term_string\"}}],\"inLanguage\":\"de\"},{\"@type\":\"Organization\",\"@id\":\"https:\/\/www.swissrtec.ch\/#organization\",\"name\":\"swissRTec AG\",\"url\":\"https:\/\/www.swissrtec.ch\/\",\"logo\":{\"@type\":\"ImageObject\",\"inLanguage\":\"de\",\"@id\":\"https:\/\/www.swissrtec.ch\/#\/schema\/logo\/image\/\",\"url\":\"https:\/\/www.swissrtec.ch\/wp-content\/uploads\/2025\/03\/swissrtec-logo.svg\",\"contentUrl\":\"https:\/\/www.swissrtec.ch\/wp-content\/uploads\/2025\/03\/swissrtec-logo.svg\",\"width\":1,\"height\":1,\"caption\":\"swissRTec AG\"},\"image\":{\"@id\":\"https:\/\/www.swissrtec.ch\/#\/schema\/logo\/image\/\"}}]}<\/script>\n<!-- \/ Yoast SEO plugin. -->","yoast_head_json":{"title":"ANLAGEN UND L\u00d6SUNGEN - swissRTec AG","description":"Entdecken Sie die innovativen Recyclinganlagen und L\u00f6sungen von swissRTec AG - f\u00fcr h\u00f6chste Effizienz bei der R\u00fcckgewinnung wertvoller Rohstoffe.","robots":{"index":"index","follow":"follow","max-snippet":"max-snippet:-1","max-image-preview":"max-image-preview:large","max-video-preview":"max-video-preview:-1"},"canonical":"https:\/\/www.swissrtec.ch\/de\/plants-and-solutions\/","og_locale":"de_DE","og_type":"article","og_title":"ANLAGEN UND L\u00d6SUNGEN - swissRTec AG","og_description":"Entdecken Sie die innovativen Recyclinganlagen und L\u00f6sungen von swissRTec AG - f\u00fcr h\u00f6chste Effizienz bei der R\u00fcckgewinnung wertvoller Rohstoffe.","og_url":"https:\/\/www.swissrtec.ch\/de\/plants-and-solutions\/","og_site_name":"swissRTec AG","article_modified_time":"2025-08-15T08:12:17+00:00","twitter_card":"summary_large_image","schema":{"@context":"https:\/\/schema.org","@graph":[{"@type":"WebPage","@id":"https:\/\/www.swissrtec.ch\/de\/plants-and-solutions\/","url":"https:\/\/www.swissrtec.ch\/de\/plants-and-solutions\/","name":"ANLAGEN UND L\u00d6SUNGEN - swissRTec AG","isPartOf":{"@id":"https:\/\/www.swissrtec.ch\/#website"},"datePublished":"2025-03-21T12:13:12+00:00","dateModified":"2025-08-15T08:12:17+00:00","description":"Entdecken Sie die innovativen Recyclinganlagen und L\u00f6sungen von swissRTec AG - f\u00fcr h\u00f6chste Effizienz bei der R\u00fcckgewinnung wertvoller Rohstoffe.","breadcrumb":{"@id":"https:\/\/www.swissrtec.ch\/de\/plants-and-solutions\/#breadcrumb"},"inLanguage":"de","potentialAction":[{"@type":"ReadAction","target":["https:\/\/www.swissrtec.ch\/de\/plants-and-solutions\/"]}]},{"@type":"BreadcrumbList","@id":"https:\/\/www.swissrtec.ch\/de\/plants-and-solutions\/#breadcrumb","itemListElement":[{"@type":"ListItem","position":1,"name":"Home","item":"https:\/\/www.swissrtec.ch\/de\/"},{"@type":"ListItem","position":2,"name":"ANLAGEN UND L\u00d6SUNGEN"}]},{"@type":"WebSite","@id":"https:\/\/www.swissrtec.ch\/#website","url":"https:\/\/www.swissrtec.ch\/","name":"swissRTec","description":"","publisher":{"@id":"https:\/\/www.swissrtec.ch\/#organization"},"potentialAction":[{"@type":"SearchAction","target":{"@type":"EntryPoint","urlTemplate":"https:\/\/www.swissrtec.ch\/?s={search_term_string}"},"query-input":{"@type":"PropertyValueSpecification","valueRequired":true,"valueName":"search_term_string"}}],"inLanguage":"de"},{"@type":"Organization","@id":"https:\/\/www.swissrtec.ch\/#organization","name":"swissRTec AG","url":"https:\/\/www.swissrtec.ch\/","logo":{"@type":"ImageObject","inLanguage":"de","@id":"https:\/\/www.swissrtec.ch\/#\/schema\/logo\/image\/","url":"https:\/\/www.swissrtec.ch\/wp-content\/uploads\/2025\/03\/swissrtec-logo.svg","contentUrl":"https:\/\/www.swissrtec.ch\/wp-content\/uploads\/2025\/03\/swissrtec-logo.svg","width":1,"height":1,"caption":"swissRTec AG"},"image":{"@id":"https:\/\/www.swissrtec.ch\/#\/schema\/logo\/image\/"}}]}},"_links":{"self":[{"href":"https:\/\/www.swissrtec.ch\/de\/wp-json\/wp\/v2\/pages\/5472","targetHints":{"allow":["GET"]}}],"collection":[{"href":"https:\/\/www.swissrtec.ch\/de\/wp-json\/wp\/v2\/pages"}],"about":[{"href":"https:\/\/www.swissrtec.ch\/de\/wp-json\/wp\/v2\/types\/page"}],"author":[{"embeddable":true,"href":"https:\/\/www.swissrtec.ch\/de\/wp-json\/wp\/v2\/users\/1"}],"replies":[{"embeddable":true,"href":"https:\/\/www.swissrtec.ch\/de\/wp-json\/wp\/v2\/comments?post=5472"}],"version-history":[{"count":25,"href":"https:\/\/www.swissrtec.ch\/de\/wp-json\/wp\/v2\/pages\/5472\/revisions"}],"predecessor-version":[{"id":6607,"href":"https:\/\/www.swissrtec.ch\/de\/wp-json\/wp\/v2\/pages\/5472\/revisions\/6607"}],"wp:attachment":[{"href":"https:\/\/www.swissrtec.ch\/de\/wp-json\/wp\/v2\/media?parent=5472"}],"curies":[{"name":"wp","href":"https:\/\/api.w.org\/{rel}","templated":true}]}}