{"id":5479,"date":"2025-05-23T11:04:57","date_gmt":"2025-05-23T09:04:57","guid":{"rendered":"https:\/\/www.swissrtec.ch\/about-us\/"},"modified":"2026-02-14T14:52:50","modified_gmt":"2026-02-14T13:52:50","slug":"about-us","status":"publish","type":"page","link":"https:\/\/www.swissrtec.ch\/de\/about-us\/","title":{"rendered":"\u00dcber uns"},"content":{"rendered":"","protected":false},"excerpt":{"rendered":"","protected":false},"author":1,"featured_media":0,"parent":0,"menu_order":0,"comment_status":"closed","ping_status":"closed","template":"","meta":{"_acf_changed":false,"inline_featured_image":false,"footnotes":""},"class_list":["post-5479","page","type-page","status-publish","hentry"],"acf":{"module":{"0":{"acf_fc_layout":"anchor","beschriftung":"swissrtec-team"},"1":{"acf_fc_layout":"zeile_2","beschriftung_backend":"","einstellungen":{"deactivate":false,"abstand_oben":35,"padding_oben":70,"padding_unten":0,"abstand_unten":0,"hintergrundfarbe":"","volle_breite":false},"mobile_reverse":false,"spalten":"2","spalte_1":{"inhalt":"text","text":"<h2 class=\"mb-15\">UNSERE MISSION<\/h2>\r\nswissRTec AG wurde 2006 gegr\u00fcndet und ist ein inhabergef\u00fchrtes Unternehmen mit tatkr\u00e4ftiger Umsetzungskompetenz. Die Gesundheit und Sicherheit aller Beteiligten haben f\u00fcr uns stets oberste Priorit\u00e4t. Unsere Inhaber sind aktiv im Tagesgesch\u00e4ft eingebunden und f\u00fchren das Unternehmen mit einem ausgepr\u00e4gten Kundenverst\u00e4ndnis und einer l\u00f6sungsorientierten Haltung.\r\n\r\nWir sind bekannt f\u00fcr unsere hohe Fachkompetenz, Qualit\u00e4ts- und Sicherheitsanspr\u00fcche, sowie dem Anspruch, in der Industrie neue Ma\u00dfst\u00e4be zu setzen. Konsequentes Engagement ist f\u00fcr uns selbstverst\u00e4ndlich.","textausrichtung":"justify-content-start","bild":null,"bildbeschriftung":"","bildgrose":false,"bildlink":null},"spalte_2":{"inhalt":"text","text":"","textausrichtung":"justify-content-start","bild":null,"bildbeschriftung":"","bildgrose":false,"bildlink":null},"spalte_3":{"inhalt":false,"text":"","textausrichtung":false,"bild":null,"bildbeschriftung":"","bildgrose":false,"bildlink":null}},"2":{"acf_fc_layout":"team_2","beschriftung_backend":"IHRE ANSPRECHPARTNER","einstellungen":{"deactivate":false,"abstand_oben":0,"padding_oben":35,"padding_unten":70,"abstand_unten":35,"hintergrundfarbe":"","volle_breite":false},"member":[{"bild":4603,"name":"Mario Z\u00f6llig","text":"CEO \/ Inhaber \/ Verkauf\r\ninfo@swissrtec.ch"},{"bild":6462,"name":"Walter Grubenmann","text":"Project Manager \/ Co-Owner\r\nwalter.grubenmann@swissrtec.ch"}]},"3":{"acf_fc_layout":"team_2","beschriftung_backend":"IHRE ANSPRECHPARTNER","einstellungen":{"deactivate":false,"abstand_oben":0,"padding_oben":0,"padding_unten":70,"abstand_unten":35,"hintergrundfarbe":"","volle_breite":false},"member":[{"bild":3769,"name":"Dorleta Guarde","text":"Leiterin F&E \/ Prozessentwicklung\r\ndorleta.guarde@swissrtec.ch"},{"bild":3770,"name":"Bernhard M\u00fcggler","text":"After Sales Manager\r\nbernhard.mueggler@swissrtec.ch"}]},"4":{"acf_fc_layout":"anchor","beschriftung":"swissrtec-story"},"5":{"acf_fc_layout":"zeile_2","beschriftung_backend":"THE SWISSRTEC STORY","einstellungen":{"deactivate":false,"abstand_oben":35,"padding_oben":90,"padding_unten":35,"abstand_unten":0,"hintergrundfarbe":"rgb(244,244,244)","volle_breite":false},"mobile_reverse":false,"spalten":"1","spalte_1":{"inhalt":"text","text":"<h2>UNSERE GESCHICHTE<\/h2>","textausrichtung":"justify-content-start","bild":null,"bildbeschriftung":"","bildgrose":false,"bildlink":null},"spalte_2":{"inhalt":false,"text":"","textausrichtung":false,"bild":null,"bildbeschriftung":"","bildgrose":false,"bildlink":null},"spalte_3":{"inhalt":false,"text":"","textausrichtung":false,"bild":null,"bildbeschriftung":"","bildgrose":false,"bildlink":null}},"6":{"acf_fc_layout":"history","beschriftung_backend":"THE SWISSRTEC STORY","einstellungen":{"deactivate":false,"abstand_oben":0,"padding_oben":35,"padding_unten":91,"abstand_unten":35,"hintergrundfarbe":"rgb(244,244,244)","volle_breite":false},"event":[{"bild":3758,"headline":"","text":"Pr\u00e4sentation der neuen SWISSRTEC Aufschlussm\u00fchle Fine CFM","jahr":"2024"},{"bild":3757,"headline":"","text":"Installationen der ersten Battery Master Mill","jahr":"2023"},{"bild":3756,"headline":"","text":"Installation von Europa gr\u00f6\u00dftem Vertikal Shredder\r\nEntwicklung und Pr\u00e4sentation der Battery Master Mill","jahr":"2022"},{"bild":"","headline":"","text":"Installation der ersten SRT LIBs Reyclinganlage f\u00fcr trockene Produktionsabf\u00e4lle","jahr":"2020"},{"bild":"","headline":"","text":"Realisierung der 30. Recyclinganlage","jahr":"2019"},{"bild":3755,"headline":"","text":"Installation der ersten und mit 25\u202ft\/h gr\u00f6\u00dften Elektroschrott-Zerkleinerungsanlage Europas","jahr":"2017"},{"bild":"","headline":"","text":"Installation der 20. Recyclinganlage","jahr":"2015"},{"bild":3754,"headline":"","text":"Installation der ersten Aufschlussanlage f\u00fcr Li-Ion-Batterien","jahr":"2014"},{"bild":"","headline":"","text":"Installation der ersten SRT-1 & 2 Elektroschrott-Recyclinganlage","jahr":"2013"},{"bild":3753,"headline":"","text":"Installation der ersten SRT-1 Kubota Vertikal Shredderanlage","jahr":"2012"},{"bild":3752,"headline":"","text":"Installation der ersten Elektroschrott-Recyclinganlage Indiens. \r\nKubota, Japan,und swissRTec AG schlie\u00dfen einen Vertrag \u00fcber den Vertrieb des Kubota Vertikal Shredders in Europa. \r\nUmzug nach Kreuzlingen, B\u00fcro & Werkstatt","jahr":"2008"},{"bild":"","headline":"","text":"Spin-off (MBO)\r\nEntwicklung der Aufschlussm\u00fchle CCM","jahr":"2006"}]},"7":{"acf_fc_layout":"anchor","beschriftung":"internationally"},"8":{"acf_fc_layout":"internationally","einstellungen":{"deactivate":false,"abstand_oben":35,"padding_oben":70,"padding_unten":70,"abstand_unten":35,"hintergrundfarbe":"","volle_breite":false},"text":"<h2>WIR SIND INTERNATIONAL<\/h2>\r\n<div class=\"h2 mb-15\"><span class=\"fw-normal\">ANLAGEN UND PROJEKTE WELTWEIT REALISIERT<\/span><\/div>\r\nH\u00f6chste Schweizer Handwerkspr\u00e4szision f\u00fcr die ganze Welt. Wir sind international t\u00e4tig und haben uns bereits das Vertrauen einer Vielzahl von internationalen Kunden erarbeitet. Egal auf welchem Kontinent, die swissRTec AG liefert Ihnen Recyclinganlagen auf h\u00f6chstem Niveau.","bild":5662,"button":"","standortmarkierungen":[{"standort_titel":"Europa","standort_koordinaten":"512,242,25","standort_daten":[{"country":"\u00d6sterreich","supplied_plant":"SRT-2","input_material":"ASR \/ Fluff \/ SLF","capacity_th":"4.5"},{"country":"\u00d6sterreich","supplied_plant":"SRT-2","input_material":"Others","capacity_th":"5.0"},{"country":"Belgien","supplied_plant":"SRT-2","input_material":"Kabel","capacity_th":"3.0"},{"country":"Tschechien","supplied_plant":"SRT-1 & SRT-2","input_material":"Elektroschrott","capacity_th":"5.0"},{"country":"D\u00e4nemark","supplied_plant":"SRT-1","input_material":"Andere","capacity_th":"6.0"},{"country":"Frankreich","supplied_plant":"SRT-LIBs","input_material":"Li-Ion Batterien","capacity_th":"0.5"},{"country":"Frankreich","supplied_plant":"SRT-LIBs","input_material":"Li-Ion Batterien","capacity_th":"2.0"},{"country":"Deutschland","supplied_plant":"SRT-2","input_material":"Metallschrott","capacity_th":"1.0"},{"country":"Deutschland","supplied_plant":"SRT-2","input_material":"Elektroschrott","capacity_th":"4.0"},{"country":"Deutschland","supplied_plant":"SRT-2","input_material":"Metallschrott","capacity_th":"1.0"},{"country":"Deutschland","supplied_plant":"SRT-2","input_material":"Kabel","capacity_th":"2.0"},{"country":"Deutschland","supplied_plant":"SRT-2","input_material":"Kabel","capacity_th":"4.0"},{"country":"Deutschland","supplied_plant":"Spezialprojekt","input_material":"Metallschrott","capacity_th":"5.0"},{"country":"Niederlande","supplied_plant":"SRT-LIBs","input_material":"Li-Ion Batterien","capacity_th":"2.0"},{"country":"Italien","supplied_plant":"SRT-1","input_material":"Elektroschrott","capacity_th":"20.0"},{"country":"Lettland","supplied_plant":"SRT-1","input_material":"Metallschrott","capacity_th":"6.0"},{"country":"Holland","supplied_plant":"SRT-2","input_material":"ASR \/ Shredderleicht \/ SLF","capacity_th":"2.5"},{"country":"Holland","supplied_plant":"SRT-2","input_material":"Kabel","capacity_th":"2.5"},{"country":"Holland","supplied_plant":"SRT-2","input_material":"Kabel","capacity_th":"2.5"},{"country":"Holland","supplied_plant":"SRT-2","input_material":"Kabel, Elektroschrott","capacity_th":"1.5"},{"country":"Polen","supplied_plant":"SRT-LIBs","input_material":"Li-Ion Batterien","capacity_th":"2.0"},{"country":"Portugal","supplied_plant":"SRT-2","input_material":"Elektroschrott","capacity_th":"1.0"},{"country":"Portugal","supplied_plant":"SRT-1 & SRT-2","input_material":"Metallschrott, Elektroschrott","capacity_th":"2.0"},{"country":"Spanien","supplied_plant":"SRT-2","input_material":"Kabel","capacity_th":"3.5"},{"country":"Spanien","supplied_plant":"SRT-1","input_material":"Metallschrott","capacity_th":"20.0"},{"country":"Schweden","supplied_plant":"SRT-1","input_material":"ASR \/ Shredderleicht \/ SLF","capacity_th":"12.0"},{"country":"Schweden","supplied_plant":"SRT-1","input_material":"Elektroschrott","capacity_th":"30.0"},{"country":"Schweiz","supplied_plant":"SRT-2","input_material":"Elektroschrott","capacity_th":"1.6"},{"country":"Schweiz","supplied_plant":"SRT-2","input_material":"Elektroschrott","capacity_th":"2.5"},{"country":"UK","supplied_plant":"SRT-2","input_material":"Elektroschrott","capacity_th":"3.5"},{"country":"UK","supplied_plant":"SRT-1","input_material":"Metallschrott","capacity_th":"15.0"},{"country":"UK","supplied_plant":"SRT-1","input_material":"Metallschrott","capacity_th":"20.0"},{"country":"UK","supplied_plant":"SRT-LIBs","input_material":"Li-Ion Batterien","capacity_th":"2.0"},{"country":"UK","supplied_plant":"SRT-LIBs","input_material":"Li-Ion Batterien","capacity_th":"2.0"}]},{"standort_titel":"Nordamerika","standort_koordinaten":"168,269,25","standort_daten":[{"country":"Kanada","supplied_plant":"SRT-2","input_material":"Elektroschrott","capacity_th":"1.5"},{"country":"Kanada","supplied_plant":"SRT-2","input_material":"Elektroschrott","capacity_th":"1.6"},{"country":"USA","supplied_plant":"SRT-1","input_material":"Metallschrott","capacity_th":"4.0"}]},{"standort_titel":"Australien","standort_koordinaten":"924,511,25","standort_daten":[{"country":"Australien","supplied_plant":"SRT-2","input_material":"ASR \/ Shredderleicht","capacity_th":"10.0"}]},{"standort_titel":"Asien","standort_koordinaten":"760,151,25","standort_daten":[{"country":"Indien","supplied_plant":"SRT-1 & SRT-2","input_material":"Elektroschrott","capacity_th":"1.0"},{"country":"Japan","supplied_plant":"SRT-2","input_material":"Elektroschrott","capacity_th":"1.3"},{"country":"Japan","supplied_plant":"PM Recovery Plant","input_material":"Elektroschrott","capacity_th":"0.5"}]}]},"9":{"acf_fc_layout":"anchor","beschriftung":"memberships"},"10":{"acf_fc_layout":"text_und_link","beschriftung_backend":"","einstellungen":{"deactivate":false,"abstand_oben":35,"padding_oben":90,"padding_unten":0,"abstand_unten":0,"hintergrundfarbe":"rgb(244,244,244)","volle_breite":false},"text":"<h2>UNSERE MITGLIEDSCHAFTEN<\/h2>","button":""},"11":{"acf_fc_layout":"memberships","beschriftung_backend":"","einstellungen":{"deactivate":false,"abstand_oben":0,"padding_oben":35,"padding_unten":90,"abstand_unten":35,"hintergrundfarbe":"rgb(244,244,244)","volle_breite":false},"membership":[{"bild":6235,"link":{"title":"","url":"https:\/\/www.bir.org\/en\/","target":"_blank"}},{"bild":6237,"link":{"title":"SWISSMEN","url":"https:\/\/www.swissmem.ch\/en\/index.html","target":"_blank"}},{"bild":6239,"link":{"title":"IBAT","url":"https:\/\/ibat.swiss\/","target":"_blank"}},{"bild":6241,"link":{"title":"IN DEX","url":"https:\/\/ind-ex.info\/","target":"_blank"}}]},"12":{"acf_fc_layout":"anchor","beschriftung":"meet-us"},"13":{"acf_fc_layout":"zeile_2","beschriftung_backend":"MEET US","einstellungen":{"deactivate":false,"abstand_oben":35,"padding_oben":70,"padding_unten":0,"abstand_unten":0,"hintergrundfarbe":"","volle_breite":false},"mobile_reverse":false,"spalten":"1","spalte_1":{"inhalt":"text","text":"<h2>Triff uns<\/h2>","textausrichtung":"justify-content-start","bild":null,"bildbeschriftung":"","bildgrose":false,"bildlink":null},"spalte_2":{"inhalt":"text","text":"","textausrichtung":"justify-content-start","bild":null,"bildbeschriftung":"","bildgrose":false,"bildlink":null},"spalte_3":{"inhalt":"text","text":"","textausrichtung":false,"bild":null,"bildbeschriftung":"","bildgrose":false,"bildlink":null}},"15":{"acf_fc_layout":"zeile_2","beschriftung_backend":"","einstellungen":{"deactivate":false,"abstand_oben":35,"padding_oben":35,"padding_unten":35,"abstand_unten":35,"hintergrundfarbe":"","volle_breite":false},"mobile_reverse":false,"spalten":"1","spalte_1":{"inhalt":"text","text":"<p style=\"text-align: center;\"><a class=\"btn btn-primary mt-15 rounded-pill px-25 py-8 text-dark text-uppercase fw-bold\" href=\"https:\/\/www.swissrtec.ch\/de\/contact\/\" target=\"_self\">JETZT BERATUNG BUCHEN<\/a><\/p>","textausrichtung":"justify-content-start","bild":null,"bildbeschriftung":"","bildgrose":false,"bildlink":null},"spalte_2":{"inhalt":false,"text":"","textausrichtung":false,"bild":null,"bildbeschriftung":"","bildgrose":false,"bildlink":null},"spalte_3":{"inhalt":false,"text":"","textausrichtung":false,"bild":null,"bildbeschriftung":"","bildgrose":false,"bildlink":null}}}},"yoast_head":"<!-- This site is optimized with the Yoast SEO plugin v25.3.1 - https:\/\/yoast.com\/wordpress\/plugins\/seo\/ -->\n<title>\u00dcber uns - swissRTec AG<\/title>\n<meta name=\"robots\" content=\"index, follow, max-snippet:-1, max-image-preview:large, max-video-preview:-1\" \/>\n<link rel=\"canonical\" href=\"https:\/\/www.swissrtec.ch\/de\/about-us\/\" \/>\n<meta property=\"og:locale\" content=\"de_DE\" \/>\n<meta property=\"og:type\" content=\"article\" \/>\n<meta property=\"og:title\" content=\"\u00dcber uns - swissRTec AG\" \/>\n<meta property=\"og:url\" content=\"https:\/\/www.swissrtec.ch\/de\/about-us\/\" \/>\n<meta property=\"og:site_name\" content=\"swissRTec AG\" \/>\n<meta property=\"article:modified_time\" content=\"2026-02-14T13:52:50+00:00\" \/>\n<meta name=\"twitter:card\" content=\"summary_large_image\" \/>\n<script type=\"application\/ld+json\" class=\"yoast-schema-graph\">{\"@context\":\"https:\/\/schema.org\",\"@graph\":[{\"@type\":\"WebPage\",\"@id\":\"https:\/\/www.swissrtec.ch\/de\/about-us\/\",\"url\":\"https:\/\/www.swissrtec.ch\/de\/about-us\/\",\"name\":\"\u00dcber uns - swissRTec AG\",\"isPartOf\":{\"@id\":\"https:\/\/www.swissrtec.ch\/#website\"},\"datePublished\":\"2025-05-23T09:04:57+00:00\",\"dateModified\":\"2026-02-14T13:52:50+00:00\",\"breadcrumb\":{\"@id\":\"https:\/\/www.swissrtec.ch\/de\/about-us\/#breadcrumb\"},\"inLanguage\":\"de\",\"potentialAction\":[{\"@type\":\"ReadAction\",\"target\":[\"https:\/\/www.swissrtec.ch\/de\/about-us\/\"]}]},{\"@type\":\"BreadcrumbList\",\"@id\":\"https:\/\/www.swissrtec.ch\/de\/about-us\/#breadcrumb\",\"itemListElement\":[{\"@type\":\"ListItem\",\"position\":1,\"name\":\"Home\",\"item\":\"https:\/\/www.swissrtec.ch\/de\/\"},{\"@type\":\"ListItem\",\"position\":2,\"name\":\"\u00dcber uns\"}]},{\"@type\":\"WebSite\",\"@id\":\"https:\/\/www.swissrtec.ch\/#website\",\"url\":\"https:\/\/www.swissrtec.ch\/\",\"name\":\"swissRTec\",\"description\":\"\",\"publisher\":{\"@id\":\"https:\/\/www.swissrtec.ch\/#organization\"},\"potentialAction\":[{\"@type\":\"SearchAction\",\"target\":{\"@type\":\"EntryPoint\",\"urlTemplate\":\"https:\/\/www.swissrtec.ch\/?s={search_term_string}\"},\"query-input\":{\"@type\":\"PropertyValueSpecification\",\"valueRequired\":true,\"valueName\":\"search_term_string\"}}],\"inLanguage\":\"de\"},{\"@type\":\"Organization\",\"@id\":\"https:\/\/www.swissrtec.ch\/#organization\",\"name\":\"swissRTec AG\",\"url\":\"https:\/\/www.swissrtec.ch\/\",\"logo\":{\"@type\":\"ImageObject\",\"inLanguage\":\"de\",\"@id\":\"https:\/\/www.swissrtec.ch\/#\/schema\/logo\/image\/\",\"url\":\"https:\/\/www.swissrtec.ch\/wp-content\/uploads\/2025\/03\/swissrtec-logo.svg\",\"contentUrl\":\"https:\/\/www.swissrtec.ch\/wp-content\/uploads\/2025\/03\/swissrtec-logo.svg\",\"width\":1,\"height\":1,\"caption\":\"swissRTec AG\"},\"image\":{\"@id\":\"https:\/\/www.swissrtec.ch\/#\/schema\/logo\/image\/\"}}]}<\/script>\n<!-- \/ Yoast SEO plugin. -->","yoast_head_json":{"title":"\u00dcber uns - swissRTec AG","robots":{"index":"index","follow":"follow","max-snippet":"max-snippet:-1","max-image-preview":"max-image-preview:large","max-video-preview":"max-video-preview:-1"},"canonical":"https:\/\/www.swissrtec.ch\/de\/about-us\/","og_locale":"de_DE","og_type":"article","og_title":"\u00dcber uns - swissRTec AG","og_url":"https:\/\/www.swissrtec.ch\/de\/about-us\/","og_site_name":"swissRTec AG","article_modified_time":"2026-02-14T13:52:50+00:00","twitter_card":"summary_large_image","schema":{"@context":"https:\/\/schema.org","@graph":[{"@type":"WebPage","@id":"https:\/\/www.swissrtec.ch\/de\/about-us\/","url":"https:\/\/www.swissrtec.ch\/de\/about-us\/","name":"\u00dcber uns - swissRTec AG","isPartOf":{"@id":"https:\/\/www.swissrtec.ch\/#website"},"datePublished":"2025-05-23T09:04:57+00:00","dateModified":"2026-02-14T13:52:50+00:00","breadcrumb":{"@id":"https:\/\/www.swissrtec.ch\/de\/about-us\/#breadcrumb"},"inLanguage":"de","potentialAction":[{"@type":"ReadAction","target":["https:\/\/www.swissrtec.ch\/de\/about-us\/"]}]},{"@type":"BreadcrumbList","@id":"https:\/\/www.swissrtec.ch\/de\/about-us\/#breadcrumb","itemListElement":[{"@type":"ListItem","position":1,"name":"Home","item":"https:\/\/www.swissrtec.ch\/de\/"},{"@type":"ListItem","position":2,"name":"\u00dcber uns"}]},{"@type":"WebSite","@id":"https:\/\/www.swissrtec.ch\/#website","url":"https:\/\/www.swissrtec.ch\/","name":"swissRTec","description":"","publisher":{"@id":"https:\/\/www.swissrtec.ch\/#organization"},"potentialAction":[{"@type":"SearchAction","target":{"@type":"EntryPoint","urlTemplate":"https:\/\/www.swissrtec.ch\/?s={search_term_string}"},"query-input":{"@type":"PropertyValueSpecification","valueRequired":true,"valueName":"search_term_string"}}],"inLanguage":"de"},{"@type":"Organization","@id":"https:\/\/www.swissrtec.ch\/#organization","name":"swissRTec AG","url":"https:\/\/www.swissrtec.ch\/","logo":{"@type":"ImageObject","inLanguage":"de","@id":"https:\/\/www.swissrtec.ch\/#\/schema\/logo\/image\/","url":"https:\/\/www.swissrtec.ch\/wp-content\/uploads\/2025\/03\/swissrtec-logo.svg","contentUrl":"https:\/\/www.swissrtec.ch\/wp-content\/uploads\/2025\/03\/swissrtec-logo.svg","width":1,"height":1,"caption":"swissRTec AG"},"image":{"@id":"https:\/\/www.swissrtec.ch\/#\/schema\/logo\/image\/"}}]}},"_links":{"self":[{"href":"https:\/\/www.swissrtec.ch\/de\/wp-json\/wp\/v2\/pages\/5479","targetHints":{"allow":["GET"]}}],"collection":[{"href":"https:\/\/www.swissrtec.ch\/de\/wp-json\/wp\/v2\/pages"}],"about":[{"href":"https:\/\/www.swissrtec.ch\/de\/wp-json\/wp\/v2\/types\/page"}],"author":[{"embeddable":true,"href":"https:\/\/www.swissrtec.ch\/de\/wp-json\/wp\/v2\/users\/1"}],"replies":[{"embeddable":true,"href":"https:\/\/www.swissrtec.ch\/de\/wp-json\/wp\/v2\/comments?post=5479"}],"version-history":[{"count":45,"href":"https:\/\/www.swissrtec.ch\/de\/wp-json\/wp\/v2\/pages\/5479\/revisions"}],"predecessor-version":[{"id":6818,"href":"https:\/\/www.swissrtec.ch\/de\/wp-json\/wp\/v2\/pages\/5479\/revisions\/6818"}],"wp:attachment":[{"href":"https:\/\/www.swissrtec.ch\/de\/wp-json\/wp\/v2\/media?parent=5479"}],"curies":[{"name":"wp","href":"https:\/\/api.w.org\/{rel}","templated":true}]}}