{"id":5482,"date":"2025-03-21T11:32:13","date_gmt":"2025-03-21T10:32:13","guid":{"rendered":"https:\/\/www.swissrtec.ch\/materials\/"},"modified":"2025-08-07T15:37:32","modified_gmt":"2025-08-07T13:37:32","slug":"materials","status":"publish","type":"page","link":"https:\/\/www.swissrtec.ch\/de\/materials\/","title":{"rendered":"MATERIALIEN"},"content":{"rendered":"","protected":false},"excerpt":{"rendered":"","protected":false},"author":1,"featured_media":0,"parent":0,"menu_order":0,"comment_status":"closed","ping_status":"closed","template":"","meta":{"_acf_changed":false,"inline_featured_image":false,"footnotes":""},"class_list":["post-5482","page","type-page","status-publish","hentry"],"acf":{"module":[{"acf_fc_layout":"text_und_link","beschriftung_backend":"Find your Matching Plant here","einstellungen":{"deactivate":false,"abstand_oben":0,"padding_oben":35,"padding_unten":35,"abstand_unten":35,"hintergrundfarbe":"rgb(0,230,210)","volle_breite":false},"text":"<h2 style=\"text-align: center;\">FINDEN SIE HIER IHRE PASSENDE ANLAGE<\/h2>","button":{"title":"ANLAGEN FINDER","url":"https:\/\/www.swissrtec.ch\/de\/anlagenfinder\/","target":""}},{"acf_fc_layout":"text_und_link","beschriftung_backend":"The Swissrtec processing method","einstellungen":{"deactivate":false,"abstand_oben":35,"padding_oben":35,"padding_unten":35,"abstand_unten":0,"hintergrundfarbe":"","volle_breite":false},"text":"<h2>DIE SWISSRTEC<\/h2>\r\n<div class=\"h2\"><span class=\"fw-normal\">ROAD MAP<\/span><\/div>","button":""},{"acf_fc_layout":"3_steps","beschriftung_backend":"","einstellungen":{"deactivate":false,"abstand_oben":0,"padding_oben":0,"padding_unten":35,"abstand_unten":35,"hintergrundfarbe":"","volle_breite":false},"step_1_bild":3776,"step_1_text":"<h3 class=\"mt-20\" style=\"text-align: center;\">Schritt 1<\/h3>\r\n<div class=\"h3 text-center mb-15\"><span class=\"fw-normal\">Ihre Anforderungen<\/span><\/div>\r\n<p style=\"text-align: center;\">Es geht nicht nur darum, Ihr Material zu definieren, sondern auch darum, Ihre spezifischen Bed\u00fcrfnisse, Herausforderungen und Ziele zu verstehen. Bei uns, der swissRTec AG, nehmen wir uns die Zeit, Ihre Anforderungen gr\u00fcndlich zu analysieren, um sicherzustellen, dass unsere L\u00f6sungen perfekt auf Ihre Ziele abgestimmt sind und Ihnen die beste verf\u00fcgbare Technologie bieten.<\/p>","step_2_bild":3741,"step_2_text":"<h3 class=\"mt-20\" style=\"text-align: center;\">Schritt 2<\/h3>\r\n<div class=\"h3 text-center mb-15\"><span class=\"fw-normal\">IHRE L\u00d6SUNG<\/span><\/div>\r\n<p class=\"mb-25\" style=\"text-align: center;\">Mit unserem erfahrenen Team arbeiten wir die beste verf\u00fcgbare Technologie aus, um Ihre Erwartungen zu erf\u00fcllen. Durch die Kombination von Erfahrung, Fachwissen und Innovation stellen wir sicher, dass unsere L\u00f6sungen ma\u00dfgeschneidert sind, um optimale Ergebnisse zu erzielen, die perfekt auf Ihre Bed\u00fcrfnisse abgestimmt sind.<\/p>","step_3_bild":3742,"step_3_text":"<h3 class=\"mt-20\" style=\"text-align: center;\">Schritt 3<\/h3>\r\n<div class=\"h3 text-center mb-15\"><span class=\"fw-normal\">IHR ERFOLG<\/span><\/div>\r\n<p style=\"text-align: center;\">Ein sicherer und effizienter Anlagenbetrieb, gut geschultes Personal und modernste Technologie sind die Schl\u00fcssel zum Erfolg. Wir von swissRTec AG legen Wert auf diese Faktoren, um einen reibungslosen und effektiven Betrieb zu gew\u00e4hrleisten, damit Sie die h\u00f6chsten Standards in Bezug auf Leistung und Zuverl\u00e4ssigkeit erreichen.<\/p>","button":""},{"acf_fc_layout":"text_und_link","beschriftung_backend":"The Swissrtec processing method","einstellungen":{"deactivate":false,"abstand_oben":35,"padding_oben":35,"padding_unten":35,"abstand_unten":35,"hintergrundfarbe":"","volle_breite":false},"text":"<h2>DIE PERFEKTE L\u00d6SUNG<\/h2>\r\n<div class=\"h2\"><span class=\"fw-normal\">F\u00dcR IHR MATERIAL<\/span><\/div>","button":""},{"acf_fc_layout":"anchor","beschriftung":"e-waste"},{"acf_fc_layout":"bild_text_und_mehr","beschriftung_backend":"E-waste","einstellungen":{"deactivate":false,"abstand_oben":35,"padding_oben":35,"padding_unten":35,"abstand_unten":35,"hintergrundfarbe":"","volle_breite":false},"border":"border-0","hintergrundbild":3744,"bild":3665,"bildausrichtung":"flex-row-reverse right-0","text":"<h3 class=\"mb-15\">Elektroschrott<\/h3>\r\nDie Recylinganlagen von swissRTec AG erm\u00f6glichen die Maximierung der R\u00fcckgewinnungsausbeute und des Qualit\u00e4tsniveaus von wertvollen, wiederverwendbaren Rohstoffen aus Elektroschrott.\r\n\r\n<a href=\"https:\/\/www.swissrtec.ch\/de\/products-de\/srt-1\/\"><strong class=\"text-uppercase mb-10\">SRT-1 | Shredder- und Separationsanlage<\/strong><\/a>\r\n<a href=\"https:\/\/www.swissrtec.ch\/de\/products-de\/srt-2\/\"><strong class=\"text-uppercase mb-10\">SRT-2 | Aufschluss und Separationsanlage<\/strong><\/a>\r\n<a href=\"https:\/\/www.swissrtec.ch\/de\/products-de\/vertical-shredder\/\"><strong class=\"text-uppercase mb-10\">Vertikal Shredder<\/strong><\/a>\r\n<a href=\"https:\/\/www.swissrtec.ch\/de\/products-de\/srt\/\"><strong class=\"text-uppercase mb-10\">Aufschlussm\u00fchle CCM<\/strong><\/a>\r\n<a href=\"https:\/\/www.swissrtec.ch\/de\/products-de\/delamination-mill-fine-cfm\/\"><strong class=\"text-uppercase\">Aufschlussm\u00fchle Fine Cfm<\/strong><\/a>","button":"","mehr":false,"ausklappfelder":null},{"acf_fc_layout":"anchor","beschriftung":"metal-scrap"},{"acf_fc_layout":"bild_text_und_mehr","beschriftung_backend":"METAL SCRAP","einstellungen":{"deactivate":false,"abstand_oben":35,"padding_oben":35,"padding_unten":35,"abstand_unten":35,"hintergrundfarbe":"","volle_breite":false},"border":"border-0","hintergrundbild":5638,"bild":3747,"bildausrichtung":"left-0","text":"<h3 class=\"mb-15\">METALLSCHROTT<\/h3>\r\nUnsere Shredder- und Separations-Reyclinganlagen erm\u00f6glichen die effiziente Zerkleinerung, Trennung und R\u00fcckgewinnung von Metallschrotten. Eine hohe Ausbeute und Qualit\u00e4t wird dabei gew\u00e4hrleistet. Hochwertige Rohstoffe werden nachhaltig in den Kreislauf zur\u00fcckgef\u00fchrt und tragen zu einem effizienteren und umweltfreundlicheren Prozess bei.\r\n\r\n<a href=\"https:\/\/www.swissrtec.ch\/de\/products-de\/srt-1\/\"><strong class=\"text-uppercase mb-10\">SRT-1 | Shredder- und Separationsanlage<\/strong><\/a>\r\n<a href=\"https:\/\/www.swissrtec.ch\/de\/products-de\/srt-2\/\"><strong class=\"text-uppercase mb-10\">SRT-2 | Aufschluss und Separationsanlage<\/strong><\/a>\r\n<a href=\"https:\/\/www.swissrtec.ch\/de\/products-de\/vertical-shredder\/\"><strong class=\"text-uppercase mb-10\">Vertikal Shredder<\/strong><\/a>\r\n<a href=\"https:\/\/www.swissrtec.ch\/de\/products-de\/srt\/\"><strong class=\"text-uppercase\">Aufschlussm\u00fchle CCM<\/strong><\/a>","button":"","mehr":false,"ausklappfelder":null},{"acf_fc_layout":"anchor","beschriftung":"cables"},{"acf_fc_layout":"bild_text_und_mehr","beschriftung_backend":"CABLES","einstellungen":{"deactivate":false,"abstand_oben":35,"padding_oben":35,"padding_unten":35,"abstand_unten":35,"hintergrundfarbe":"","volle_breite":false},"border":"border-0","hintergrundbild":5641,"bild":3748,"bildausrichtung":"flex-row-reverse right-0","text":"<h3 class=\"mb-15\">KABEL<\/h3>\r\nUnsere Technologien erm\u00f6glichen die Zerkleinerung, Aufschl\u00fcsslung und Trennung von Kabeln auf h\u00f6chstem Niveau. Wertvolle Metalle und Kunststoffteile werden dann wirtschaftlich in den Produktionskreislauf zur\u00fcckgef\u00fchrt.\r\n\r\n<a href=\"https:\/\/www.swissrtec.ch\/de\/products-de\/srt-1\/\"><strong class=\"text-uppercase mb-10\">SRT-1 | Shredder- und Separationsanlage<\/strong><\/a>\r\n<a href=\"https:\/\/www.swissrtec.ch\/de\/products-de\/srt-2\/\"><strong class=\"text-uppercase mb-10\">SRT-2 | Aufschluss und Separationsanlage<\/strong><\/a>\r\n<a href=\"https:\/\/www.swissrtec.ch\/de\/products-de\/vertical-shredder\/\"><strong class=\"text-uppercase mb-10\">Vertikal Shredder<\/strong><\/a>\r\n<a href=\"https:\/\/www.swissrtec.ch\/de\/products-de\/srt\/\"><strong class=\"text-uppercase mb-10\">Aufschlussm\u00fchle CCM, CFM f\u00fcr Kabel<\/strong><\/a>\r\n<a href=\"https:\/\/www.swissrtec.ch\/de\/products-de\/delamination-mill-fine-cfm\/\"><strong class=\"text-uppercase mb-10\">Aufschlussm\u00fchle Fine CFM f\u00fcr Litzendr\u00e4hte<\/strong><\/a>\r\n<a href=\"https:\/\/www.swissrtec.ch\/de\/products-de\/srt\/\"><strong class=\"text-uppercase\">Aufschlussm\u00fchle CCM<\/strong><\/a>","button":"","mehr":false,"ausklappfelder":null},{"acf_fc_layout":"anchor","beschriftung":"batteries"},{"acf_fc_layout":"bild_text_und_mehr","beschriftung_backend":"Batteries","einstellungen":{"deactivate":false,"abstand_oben":35,"padding_oben":35,"padding_unten":35,"abstand_unten":35,"hintergrundfarbe":"","volle_breite":false},"border":"border-0","hintergrundbild":3745,"bild":3746,"bildausrichtung":"left-0","text":"<h3 class=\"mb-15\">Li-Ion BATTERIEN UND PRODUKTIONSABF\u00c4LLE<\/h3>\r\nWir bieten innovative L\u00f6sungen f\u00fcr die sichere und nachhaltige Verarbeitung von EV Lithium-Ionen-Batterien und erreichen eine maximale R\u00fcckgewinnungsrate der in den Lithium-Ionen-Batterien enthaltenen wertvollen und strategischen Materialien wie Schwarze Masse, Aluminium und Kupfer.\r\n\r\n<strong class=\"text-uppercase mb-10\"><a href=\"https:\/\/www.swissrtec.ch\/de\/products-de\/srt-libs\/\">SRT-LIBS | LI-Ion-Batterien-Recyclinganlage<\/a><\/strong>\r\n<a href=\"https:\/\/www.swissrtec.ch\/de\/products-de\/battery-master-mill-bmm\/\"><strong class=\"text-uppercase\">Battery Master Mill BMM<\/strong><\/a>","button":"","mehr":false,"ausklappfelder":null},{"acf_fc_layout":"anchor","beschriftung":"others"},{"acf_fc_layout":"bild_text_und_mehr","beschriftung_backend":"OTHERS","einstellungen":{"deactivate":false,"abstand_oben":35,"padding_oben":35,"padding_unten":35,"abstand_unten":35,"hintergrundfarbe":"","volle_breite":false},"border":"border-0","hintergrundbild":4469,"bild":3749,"bildausrichtung":"flex-row-reverse right-0","text":"<h3 class=\"mb-15\">SONSTIGE<\/h3>\r\nOb komplexe Verbundwerkstoffe oder spezielle Abfallprodukte - unsere ma\u00dfgeschneiderten L\u00f6sungen sorgen f\u00fcr eine effiziente und nachhaltige Verwertung der wertvollen Rohstoffe.\r\n\r\n<a href=\"https:\/\/www.swissrtec.ch\/de\/products-de\/srt-1\/\"><strong class=\"text-uppercase mb-10\">SRT-1 | Shredder- und Separationsanlage <\/strong><\/a>\r\n<a href=\"https:\/\/www.swissrtec.ch\/de\/products-de\/srt-2\/\"><strong class=\"text-uppercase mb-10\">SRT-2 | Aufschluss und Separationsanlage<\/strong><\/a>\r\n<a href=\"https:\/\/www.swissrtec.ch\/de\/products-de\/vertical-shredder\/\"><strong class=\"text-uppercase mb-10\">Vertikal Shredder<\/strong><\/a>\r\n<a href=\"https:\/\/www.swissrtec.ch\/de\/products-de\/srt\/\"><strong class=\"text-uppercase mb-10\">Aufschlussm\u00fchle CCM<\/strong><\/a>\r\n<a href=\"https:\/\/www.swissrtec.ch\/de\/products-de\/delamination-mill-fine-cfm\/\"><strong class=\"text-uppercase\">Aufschlussm\u00fchle Fine CFM<\/strong><\/a>","button":"","mehr":false,"ausklappfelder":null},{"acf_fc_layout":"zeile_2","beschriftung_backend":"BOOK APPOINTMENT","einstellungen":{"deactivate":false,"abstand_oben":35,"padding_oben":35,"padding_unten":35,"abstand_unten":35,"hintergrundfarbe":"","volle_breite":false},"mobile_reverse":false,"spalten":"1","spalte_1":{"inhalt":"text","text":"<p style=\"text-align: center;\"><a class=\"btn btn-primary mt-15 rounded-pill px-25 py-8 text-dark text-uppercase fw-bold\" href=\"https:\/\/www.swissrtec.ch\/de\/contact\/\" target=\"_self\">JETZT BERATUNG BUCHEN<\/a><\/p>","textausrichtung":"justify-content-start","bild":null,"bildbeschriftung":"","bildgrose":false,"bildlink":null},"spalte_2":{"inhalt":false,"text":"","textausrichtung":false,"bild":null,"bildbeschriftung":"","bildgrose":false,"bildlink":null},"spalte_3":{"inhalt":false,"text":"","textausrichtung":false,"bild":null,"bildbeschriftung":"","bildgrose":false,"bildlink":null}}]},"yoast_head":"<!-- This site is optimized with the Yoast SEO plugin v25.3.1 - https:\/\/yoast.com\/wordpress\/plugins\/seo\/ -->\n<title>MATERIALIEN - swissRTec AG<\/title>\n<meta name=\"description\" content=\"Erfahren Sie, welche Materialien mit den Recyclinganlagen von swissRTec AG effizient verarbeitet werden k\u00f6nnen \u2013 von Elektroschrott bis zu Verbundwerkstoffen.\" \/>\n<meta name=\"robots\" content=\"index, follow, max-snippet:-1, max-image-preview:large, max-video-preview:-1\" \/>\n<link rel=\"canonical\" href=\"https:\/\/www.swissrtec.ch\/de\/materials\/\" \/>\n<meta property=\"og:locale\" content=\"de_DE\" \/>\n<meta property=\"og:type\" content=\"article\" \/>\n<meta property=\"og:title\" content=\"MATERIALIEN - swissRTec AG\" \/>\n<meta property=\"og:description\" content=\"Erfahren Sie, welche Materialien mit den Recyclinganlagen von swissRTec AG effizient verarbeitet werden k\u00f6nnen \u2013 von Elektroschrott bis zu Verbundwerkstoffen.\" \/>\n<meta property=\"og:url\" content=\"https:\/\/www.swissrtec.ch\/de\/materials\/\" \/>\n<meta property=\"og:site_name\" content=\"swissRTec AG\" \/>\n<meta property=\"article:modified_time\" content=\"2025-08-07T13:37:32+00:00\" \/>\n<meta name=\"twitter:card\" content=\"summary_large_image\" \/>\n<script type=\"application\/ld+json\" class=\"yoast-schema-graph\">{\"@context\":\"https:\/\/schema.org\",\"@graph\":[{\"@type\":\"WebPage\",\"@id\":\"https:\/\/www.swissrtec.ch\/de\/materials\/\",\"url\":\"https:\/\/www.swissrtec.ch\/de\/materials\/\",\"name\":\"MATERIALIEN - swissRTec AG\",\"isPartOf\":{\"@id\":\"https:\/\/www.swissrtec.ch\/#website\"},\"datePublished\":\"2025-03-21T10:32:13+00:00\",\"dateModified\":\"2025-08-07T13:37:32+00:00\",\"description\":\"Erfahren Sie, welche Materialien mit den Recyclinganlagen von swissRTec AG effizient verarbeitet werden k\u00f6nnen \u2013 von Elektroschrott bis zu Verbundwerkstoffen.\",\"breadcrumb\":{\"@id\":\"https:\/\/www.swissrtec.ch\/de\/materials\/#breadcrumb\"},\"inLanguage\":\"de\",\"potentialAction\":[{\"@type\":\"ReadAction\",\"target\":[\"https:\/\/www.swissrtec.ch\/de\/materials\/\"]}]},{\"@type\":\"BreadcrumbList\",\"@id\":\"https:\/\/www.swissrtec.ch\/de\/materials\/#breadcrumb\",\"itemListElement\":[{\"@type\":\"ListItem\",\"position\":1,\"name\":\"Home\",\"item\":\"https:\/\/www.swissrtec.ch\/de\/\"},{\"@type\":\"ListItem\",\"position\":2,\"name\":\"MATERIALIEN\"}]},{\"@type\":\"WebSite\",\"@id\":\"https:\/\/www.swissrtec.ch\/#website\",\"url\":\"https:\/\/www.swissrtec.ch\/\",\"name\":\"swissRTec\",\"description\":\"\",\"publisher\":{\"@id\":\"https:\/\/www.swissrtec.ch\/#organization\"},\"potentialAction\":[{\"@type\":\"SearchAction\",\"target\":{\"@type\":\"EntryPoint\",\"urlTemplate\":\"https:\/\/www.swissrtec.ch\/?s={search_term_string}\"},\"query-input\":{\"@type\":\"PropertyValueSpecification\",\"valueRequired\":true,\"valueName\":\"search_term_string\"}}],\"inLanguage\":\"de\"},{\"@type\":\"Organization\",\"@id\":\"https:\/\/www.swissrtec.ch\/#organization\",\"name\":\"swissRTec AG\",\"url\":\"https:\/\/www.swissrtec.ch\/\",\"logo\":{\"@type\":\"ImageObject\",\"inLanguage\":\"de\",\"@id\":\"https:\/\/www.swissrtec.ch\/#\/schema\/logo\/image\/\",\"url\":\"https:\/\/www.swissrtec.ch\/wp-content\/uploads\/2025\/03\/swissrtec-logo.svg\",\"contentUrl\":\"https:\/\/www.swissrtec.ch\/wp-content\/uploads\/2025\/03\/swissrtec-logo.svg\",\"width\":1,\"height\":1,\"caption\":\"swissRTec AG\"},\"image\":{\"@id\":\"https:\/\/www.swissrtec.ch\/#\/schema\/logo\/image\/\"}}]}<\/script>\n<!-- \/ Yoast SEO plugin. -->","yoast_head_json":{"title":"MATERIALIEN - swissRTec AG","description":"Erfahren Sie, welche Materialien mit den Recyclinganlagen von swissRTec AG effizient verarbeitet werden k\u00f6nnen \u2013 von Elektroschrott bis zu Verbundwerkstoffen.","robots":{"index":"index","follow":"follow","max-snippet":"max-snippet:-1","max-image-preview":"max-image-preview:large","max-video-preview":"max-video-preview:-1"},"canonical":"https:\/\/www.swissrtec.ch\/de\/materials\/","og_locale":"de_DE","og_type":"article","og_title":"MATERIALIEN - swissRTec AG","og_description":"Erfahren Sie, welche Materialien mit den Recyclinganlagen von swissRTec AG effizient verarbeitet werden k\u00f6nnen \u2013 von Elektroschrott bis zu Verbundwerkstoffen.","og_url":"https:\/\/www.swissrtec.ch\/de\/materials\/","og_site_name":"swissRTec AG","article_modified_time":"2025-08-07T13:37:32+00:00","twitter_card":"summary_large_image","schema":{"@context":"https:\/\/schema.org","@graph":[{"@type":"WebPage","@id":"https:\/\/www.swissrtec.ch\/de\/materials\/","url":"https:\/\/www.swissrtec.ch\/de\/materials\/","name":"MATERIALIEN - swissRTec AG","isPartOf":{"@id":"https:\/\/www.swissrtec.ch\/#website"},"datePublished":"2025-03-21T10:32:13+00:00","dateModified":"2025-08-07T13:37:32+00:00","description":"Erfahren Sie, welche Materialien mit den Recyclinganlagen von swissRTec AG effizient verarbeitet werden k\u00f6nnen \u2013 von Elektroschrott bis zu Verbundwerkstoffen.","breadcrumb":{"@id":"https:\/\/www.swissrtec.ch\/de\/materials\/#breadcrumb"},"inLanguage":"de","potentialAction":[{"@type":"ReadAction","target":["https:\/\/www.swissrtec.ch\/de\/materials\/"]}]},{"@type":"BreadcrumbList","@id":"https:\/\/www.swissrtec.ch\/de\/materials\/#breadcrumb","itemListElement":[{"@type":"ListItem","position":1,"name":"Home","item":"https:\/\/www.swissrtec.ch\/de\/"},{"@type":"ListItem","position":2,"name":"MATERIALIEN"}]},{"@type":"WebSite","@id":"https:\/\/www.swissrtec.ch\/#website","url":"https:\/\/www.swissrtec.ch\/","name":"swissRTec","description":"","publisher":{"@id":"https:\/\/www.swissrtec.ch\/#organization"},"potentialAction":[{"@type":"SearchAction","target":{"@type":"EntryPoint","urlTemplate":"https:\/\/www.swissrtec.ch\/?s={search_term_string}"},"query-input":{"@type":"PropertyValueSpecification","valueRequired":true,"valueName":"search_term_string"}}],"inLanguage":"de"},{"@type":"Organization","@id":"https:\/\/www.swissrtec.ch\/#organization","name":"swissRTec AG","url":"https:\/\/www.swissrtec.ch\/","logo":{"@type":"ImageObject","inLanguage":"de","@id":"https:\/\/www.swissrtec.ch\/#\/schema\/logo\/image\/","url":"https:\/\/www.swissrtec.ch\/wp-content\/uploads\/2025\/03\/swissrtec-logo.svg","contentUrl":"https:\/\/www.swissrtec.ch\/wp-content\/uploads\/2025\/03\/swissrtec-logo.svg","width":1,"height":1,"caption":"swissRTec AG"},"image":{"@id":"https:\/\/www.swissrtec.ch\/#\/schema\/logo\/image\/"}}]}},"_links":{"self":[{"href":"https:\/\/www.swissrtec.ch\/de\/wp-json\/wp\/v2\/pages\/5482","targetHints":{"allow":["GET"]}}],"collection":[{"href":"https:\/\/www.swissrtec.ch\/de\/wp-json\/wp\/v2\/pages"}],"about":[{"href":"https:\/\/www.swissrtec.ch\/de\/wp-json\/wp\/v2\/types\/page"}],"author":[{"embeddable":true,"href":"https:\/\/www.swissrtec.ch\/de\/wp-json\/wp\/v2\/users\/1"}],"replies":[{"embeddable":true,"href":"https:\/\/www.swissrtec.ch\/de\/wp-json\/wp\/v2\/comments?post=5482"}],"version-history":[{"count":11,"href":"https:\/\/www.swissrtec.ch\/de\/wp-json\/wp\/v2\/pages\/5482\/revisions"}],"predecessor-version":[{"id":6506,"href":"https:\/\/www.swissrtec.ch\/de\/wp-json\/wp\/v2\/pages\/5482\/revisions\/6506"}],"wp:attachment":[{"href":"https:\/\/www.swissrtec.ch\/de\/wp-json\/wp\/v2\/media?parent=5482"}],"curies":[{"name":"wp","href":"https:\/\/api.w.org\/{rel}","templated":true}]}}