{"id":5485,"date":"2025-03-20T14:42:10","date_gmt":"2025-03-20T13:42:10","guid":{"rendered":"https:\/\/www.swissrtec.ch\/service\/"},"modified":"2025-07-04T14:46:29","modified_gmt":"2025-07-04T12:46:29","slug":"service","status":"publish","type":"page","link":"https:\/\/www.swissrtec.ch\/de\/service\/","title":{"rendered":"Service"},"content":{"rendered":"","protected":false},"excerpt":{"rendered":"","protected":false},"author":1,"featured_media":0,"parent":0,"menu_order":0,"comment_status":"closed","ping_status":"closed","template":"","meta":{"_acf_changed":false,"inline_featured_image":false,"footnotes":""},"class_list":["post-5485","page","type-page","status-publish","hentry"],"acf":{"module":[{"acf_fc_layout":"anchor","beschriftung":"spare-and-wear-parts"},{"acf_fc_layout":"bild_text_und_mehr","beschriftung_backend":"SPARE AND WEAR PARTS","einstellungen":{"deactivate":false,"abstand_oben":40,"padding_oben":40,"padding_unten":80,"abstand_unten":40,"hintergrundfarbe":"","volle_breite":false},"border":"border-bottom","hintergrundbild":"","bild":3722,"bildausrichtung":"flex-row-reverse right-0","text":"<h2 class=\"mb-15\">ERSATZ- UND VERSCHLEI\u00dfTEILE<\/h2>\r\nWir liefern hochwertige Ersatz- und Verschlei\u00dfteile, die f\u00fcr einen schnellen Austausch ausgelegt sind und Ausfallzeiten minimieren. \r\nMit hoher Lagerverf\u00fcgbarkeit und schneller Lieferung sorgen wir f\u00fcr maximale Zuverl\u00e4ssigkeit und Betriebseffizienz.\r\n","button":{"title":"JETZT BERATUNG BUCHEN","url":"https:\/\/www.swissrtec.ch\/de\/contact\/","target":""},"mehr":true,"ausklappfelder":[{"hintergrundfarbe":"#f4f4f4","bild":5444,"bildausrichtung":"flex-row-reverse right-0","text":"<h3>Step 1<\/h3>\r\n<div class=\"h3 mb-15\"><span class=\"fw-normal\">ERSATZ- UND VERSCHLEI\u00dfTEILE<\/span><\/div>\r\nEntwickelt f\u00fcr einen einfachen Austausch, der einen schnellen Ersatz erm\u00f6glicht, um die Ausfallzeiten zu minimieren."},{"hintergrundfarbe":"","bild":4456,"bildausrichtung":"left-0","text":"<h3>Step 2<\/h3>\r\n<div class=\"h3 mb-15\"><span class=\"fw-normal\">LOGISTIK UND LIEFERBEREITSCHAFT<\/span><\/div>\r\nMit hoher Lagerverf\u00fcgbarkeit und sofortiger Lieferbereitschaft sorgen wir f\u00fcr minimale Ausfallzeiten und maximale Zuverl\u00e4ssigkeit."}]},{"acf_fc_layout":"anchor","beschriftung":"service-agreements"},{"acf_fc_layout":"bild_text_und_mehr","beschriftung_backend":"SERVICE AGREEMENTS","einstellungen":{"deactivate":false,"abstand_oben":40,"padding_oben":40,"padding_unten":80,"abstand_unten":40,"hintergrundfarbe":"","volle_breite":false},"border":"border-bottom","hintergrundbild":"","bild":4562,"bildausrichtung":"left-0","text":"<h2 class=\"mb-15\">SERVICEVERTR\u00c4GE<\/h2>\r\nMit unseren Servicevertr\u00e4gen garantieren wir regelm\u00e4\u00dfige Inspektionen, Wartungen und schnelle Unterst\u00fctzung f\u00fcr einen st\u00f6rungsfreien Betrieb der Anlage. Das ist f\u00fcr uns eine Selbstverst\u00e4ndlichkeit und zeichnet uns als absoluten Premium-Partner aus.  \r\n\r\nEin Servicevertrag sichert die langfristige Zuverl\u00e4ssigkeit und Effizienz der Anlage durch regelm\u00e4\u00dfige Inspektionen durch unsere Senior-Techniker. Die fr\u00fchzeitige Erkennung von Problemen erm\u00f6glicht vorbeugende Ma\u00dfnahmen, die Ausfallzeiten minimieren, die Leistung maximieren und den Verschlei\u00df kritischer Komponenten reduzieren.\r\n","button":{"title":"JETZT BERATUNG BUCHEN","url":"https:\/\/www.swissrtec.ch\/de\/contact\/","target":""},"mehr":true,"ausklappfelder":[{"hintergrundfarbe":"#f4f4f4","bild":4457,"bildausrichtung":"left-0","text":"<h3 class=\"mb-15\">TECHNISCHE ANFORDERUNGEN F\u00dcR DIE PR\u00dcFUNG<\/h3>\r\nRegelm\u00e4\u00dfige Inspektionen erm\u00f6glichen eine fr\u00fchzeitige Erkennung potenzieller Probleme, so dass vorbeugende und korrigierende Ma\u00dfnahmen ergriffen werden k\u00f6nnen, um unerwartete Ausfallzeiten zu minimieren. Dieser proaktive Ansatz optimiert die Anlagenleistung, verringert den Verschlei\u00df kritischer Komponenten und maximiert die Betriebszeit."},{"hintergrundfarbe":"","bild":4458,"bildausrichtung":"flex-row-reverse right-0","text":"<h3 class=\"mb-15\">SCHULUNG DES BETRIEBSPERSONALS<\/h3>\r\nRegelm\u00e4\u00dfige Benutzerschulungen erh\u00f6hen die Sicherheit, optimieren die Effizienz und gew\u00e4hrleisten eine optimale Betriebsleistung f\u00fcr langfristige Nachhaltigkeit."}]},{"acf_fc_layout":"anchor","beschriftung":"upgrades-and-retrofits"},{"acf_fc_layout":"bild_text_und_mehr","beschriftung_backend":"UPGRADES AND RETROFITS","einstellungen":{"deactivate":false,"abstand_oben":40,"padding_oben":40,"padding_unten":80,"abstand_unten":40,"hintergrundfarbe":"","volle_breite":false},"border":"border-bottom","hintergrundbild":"","bild":3724,"bildausrichtung":"flex-row-reverse right-0","text":"<h2 class=\"mb-15\">UPGRADES UND ANPASSUNGEN<\/h2>\r\nUnsere ma\u00dfgeschneiderten Nachr\u00fcstungen und Modernisierungen bringen Ihre Anlage auf den neuesten Stand \u2013 f\u00fcr mehr Effizienz, gesteigerte Leistung und h\u00f6heren Ertrag. Gleichzeitig verbessern wir die Anlagensicherheit und stellen sicher, dass alle aktuellen gesetzlichen Vorgaben und Normen zuverl\u00e4ssig erf\u00fcllt werden.","button":{"title":"JETZT BERATUNG BUCHEN","url":"https:\/\/www.swissrtec.ch\/de\/contact\/","target":""},"mehr":true,"ausklappfelder":[{"hintergrundfarbe":"#f4f4f4","bild":4459,"bildausrichtung":"flex-row-reverse right-0","text":"<h3 class=\"mb-15\">UPGRADE<\/h3>\r\nUnsere Anlagenl\u00f6sungen sind skalierbar, modular und somit nahtlos in bestehende Systeme integrierbar und wachsen mit Ihnen auf Ihrem Erfolgskurs.\r\n"},{"hintergrundfarbe":"","bild":4460,"bildausrichtung":"left-0","text":"<h3 class=\"mb-15\">NACHR\u00dcSTUNG<\/h3>\r\nWenn Ihre Anlage oder ihre Komponenten das Ende ihres Lebenszyklus erreicht haben, k\u00f6nnen sich \u00e4ndernde Umwelt- und Sicherheitsvorschriften eine Nachr\u00fcstung erforderlich machen. Wir bieten ma\u00dfgeschneiderte L\u00f6sungen, die sicherstellen, dass Ihr Betrieb gesetzeskonform, effizient und wettbewerbsf\u00e4hig bleibt."}]},{"acf_fc_layout":"anchor","beschriftung":"test-plant"},{"acf_fc_layout":"bild_text_und_mehr","beschriftung_backend":"TEST PLANT","einstellungen":{"deactivate":false,"abstand_oben":40,"padding_oben":40,"padding_unten":80,"abstand_unten":40,"hintergrundfarbe":"","volle_breite":false},"border":"border-bottom","hintergrundbild":"","bild":3725,"bildausrichtung":"left-0","text":"<h2 class=\"mb-15\">TESTANLAGE<\/h2>\r\nNutzen Sie unsere Testanlage, um Ihre Inputmaterialien zu verarbeiten und Ihre Prozesse zu optimieren und neue Recyclingl\u00f6sungen zu testen. Machen Sie sich mit unserem Angebot an hochwertigen Produkten vertraut. \r\n\r\nDie Durchf\u00fchrung von Versuchen ist f\u00fcr den Aufbau und die Gewinnung von Vertrauen f\u00fcr Ihr Projekt unerl\u00e4sslich. Es geht nicht nur darum, die Prozesstechnologie und das Fachwissen des L\u00f6sungsanbieters zu pr\u00e4sentieren, sondern auch darum, Ihnen wertvolle Einblicke und reale Marktdaten f\u00fcr die Entwicklung eines soliden Gesch\u00e4ftsplans zu liefern.\r\n","button":{"title":"JETZT BERATUNG BUCHEN","url":"https:\/\/www.swissrtec.ch\/de\/contact\/","target":""},"mehr":true,"ausklappfelder":[{"hintergrundfarbe":"#f4f4f4","bild":5388,"bildausrichtung":"left-0","text":"<h3 class=\"mb-15\">TESTANLAGE<\/h3>\r\nswissRTec AG bietet exklusive Testl\u00e4ufe in einer realen Produktionsanlage an, um realistische Ergebnisse zu gew\u00e4hrleisten. Die Durchf\u00fchrung von Versuchen in einer realen Produktionsanlage gew\u00e4hrleistet eine hohe Korrelation zwischen den Versuchsergebnissen und den realen Abl\u00e4ufen und bietet somit maximale Genauigkeit f\u00fcr Ihren Gesch\u00e4ftsplan."},{"hintergrundfarbe":"","bild":4462,"bildausrichtung":"flex-row-reverse right-0","text":"<h3 class=\"mb-15\">PR\u00dcFBARE VORTEILE<\/h3>\r\n&nbsp;\r\n<ul>\r\n \t<li>Ermitteln Sie den tats\u00e4chlichen Marktwert Ihres Inputmaterials \u2013 f\u00fcr eine fundierte Einsch\u00e4tzung des wirtschaftlichen Potenzials. Praktisches Verst\u00e4ndnis - Erleben Sie aus erster Hand, wie nahtlos unser System funktioniert, um Effizienz und Zuverl\u00e4ssigkeit zu gew\u00e4hrleisten<\/li>\r\n \t<li>Datengest\u00fctzte Entscheidungsfindung - Profitieren Sie von echten Testdaten, die eng mit den realen Bedingungen korrelieren und eine pr\u00e4zise Planung und Investitionssicherheit erm\u00f6glichen.<\/li>\r\n<\/ul>"}]},{"acf_fc_layout":"anchor","beschriftung":"consulting-and-engineering"},{"acf_fc_layout":"bild_text_und_mehr","beschriftung_backend":"CONSULTING AND ENGINEERING","einstellungen":{"deactivate":false,"abstand_oben":40,"padding_oben":40,"padding_unten":80,"abstand_unten":40,"hintergrundfarbe":"","volle_breite":false},"border":"border-bottom","hintergrundbild":"","bild":3723,"bildausrichtung":"flex-row-reverse right-0","text":"<h2 class=\"mb-15\">BERATUNG UND ENGINEERING<\/h2>\r\nUnsere Experten unterst\u00fctzen Sie mit fundierter Beratung und technischer Planung f\u00fcr individuelle L\u00f6sungen. Dabei greifen wir auf unsere langj\u00e4hrige Erfahrung aus zahlreichen internationalen Projekten zur\u00fcck und garantieren Ihnen so eine Beratung auf h\u00f6chstem Niveau. \r\n\r\nDie swissRTec AG bietet ma\u00dfgeschneiderte Beratungs- und Ingenieurdienstleistungen an und verf\u00fcgt \u00fcber Fachwissen in den Bereichen ATEX-Vorschriften, Sicherheit, Betrieb und Technik. Gemeinsam mit unseren Partnern liefern wir individuelle L\u00f6sungen, die Ihnen helfen, Ihre Ziele zu erreichen.\r\n","button":{"title":"JETZT BERATUNG BUCHEN","url":"https:\/\/www.swissrtec.ch\/de\/contact\/","target":""},"mehr":true,"ausklappfelder":[{"hintergrundfarbe":"#f4f4f4","bild":4463,"bildausrichtung":"flex-row-reverse right-0","text":"<h3 class=\"mb-15\">BERATUNG<\/h3>\r\nWir bieten fachkundige Beratung f\u00fcr Recyclinganlagen an, sowie ma\u00dfgeschneiderte L\u00f6sungen zur Optimierung von Effizienz, Sicherheit und Einhaltung von Vorschriften. Von der Prozessoptimierung bis hin zu beh\u00f6rdlichen Vorgaben helfen wir Ihnen, die Verwertung und die betriebliche Leistung zu maximieren."},{"hintergrundfarbe":"","bild":4464,"bildausrichtung":"left-0","text":"<h3 class=\"mb-15\">ENGINEERING<\/h3>\r\nWir bieten kompetente technische L\u00f6sungen f\u00fcr Recyclinganlagen mit Schwerpunkt auf Design, Optimierung und Effizienz. Wir sorgen auch f\u00fcr die Einhaltung von Sicherheitsvorschriften und bieten innovative, zuverl\u00e4ssige und nachhaltige Anlagenleistung vom Konzept bis zur Realisierung."}]},{"acf_fc_layout":"anchor","beschriftung":"financing"},{"acf_fc_layout":"bild_text_und_mehr","beschriftung_backend":"FINANCING","einstellungen":{"deactivate":false,"abstand_oben":40,"padding_oben":40,"padding_unten":80,"abstand_unten":0,"hintergrundfarbe":"","volle_breite":false},"border":"border-0","hintergrundbild":"","bild":3727,"bildausrichtung":"left-0","text":"<h2 class=\"mb-15\">FINANZIERUNG<\/h2>\r\nWir bieten flexible Finanzierungsl\u00f6sungen, die Ihnen den Zugang zu modernster Recyclingtechnik erleichtern. Technologie auf h\u00f6chstem Qualit\u00e4tsniveau hat ihren Preis, aber wir wollen so fair wie m\u00f6glich bleiben, denn Recycling ist nicht nur eine Frage des Geldes, sondern auch des Gewissens. \r\n\r\nEntdecken Sie die Finanzierungsm\u00f6glichkeiten f\u00fcr Ihr Projekt. Unser Team hilft Ihnen gerne dabei, die besten L\u00f6sungen zu finden, um Ihre Visionen zu verwirklichen.\r\n","button":"","mehr":true,"ausklappfelder":[{"hintergrundfarbe":"#f4f4f4","bild":5412,"bildausrichtung":"flex-row-reverse right-0","text":"<h3 class=\"mb-15\">FINANZIERUNGSM\u00d6GLICHKEITEN<\/h3>\r\nDie swissRTec AG simuliert die Wirtschaftlichkeit jeder Recyclinganlage anhand echter Betriebsdaten und Materialtests mit Kundenmustern. Dabei werden Ertr\u00e4ge und Kosten detailliert berechnet \u2013 von Metallr\u00fcckgewinnung bis Betriebskosten. Das schafft Planungssicherheit f\u00fcr Investoren und Banken und garantiert eine tragf\u00e4hige, rentable L\u00f6sung.\r\n \r\nF\u00fcr internationale Projekte kann die swissRTec AG in Zusammenarbeit mit einer Schweizer Gro\u00dfbank Finanzierungen f\u00fcr ihre Anlagentechnologie anbieten. Innerhalb weniger Tage l\u00e4sst sich ein unverbindliches Finanzierungsangebot erstellen. Die endg\u00fcltige Zusage erfolgt nach erfolgreicher Kreditpr\u00fcfung durch die Bank.\r\n \r\nMit der Unterst\u00fctzung der SERV (Schweizerische Exportrisikoversicherung) ist es swissRTec AG m\u00f6glich, Projekte auch in L\u00e4ndern mit erh\u00f6htem Risiko zu realisieren und dabei kundenfreundliche Zahlungsbedingungen anzubieten. Dies verschafft uns einen strategischen Vorteil gegen\u00fcber internationalen Mitbewerbern.\r\n"}]},{"acf_fc_layout":"text_und_link","beschriftung_backend":"BOOK APPOINTMENT","einstellungen":{"deactivate":false,"abstand_oben":0,"padding_oben":35,"padding_unten":35,"abstand_unten":0,"hintergrundfarbe":"","volle_breite":false},"text":"<p style=\"text-align: center;\"><a class=\"btn btn-primary mt-15 rounded-pill px-25 py-8 text-dark text-uppercase fw-bold\" href=\"https:\/\/www.swissrtec.ch\/de\/contact\/\" target=\"_self\">JETZT BERATUNG BUCHEN<\/a><\/p>","button":""}]},"yoast_head":"<!-- This site is optimized with the Yoast SEO plugin v25.3.1 - https:\/\/yoast.com\/wordpress\/plugins\/seo\/ -->\n<title>Service - swissRTec AG<\/title>\n<meta name=\"description\" content=\"Profitieren Sie vom zuverl\u00e4ssigen Service von swissRTec AG - von Inbetriebnahme \u00fcber Wartung bis zur Anlagenoptimierung.\" \/>\n<meta name=\"robots\" content=\"index, follow, max-snippet:-1, max-image-preview:large, max-video-preview:-1\" \/>\n<link rel=\"canonical\" href=\"https:\/\/www.swissrtec.ch\/de\/service\/\" \/>\n<meta property=\"og:locale\" content=\"de_DE\" \/>\n<meta property=\"og:type\" content=\"article\" \/>\n<meta property=\"og:title\" content=\"Service - swissRTec AG\" \/>\n<meta property=\"og:description\" content=\"Profitieren Sie vom zuverl\u00e4ssigen Service von swissRTec AG - von Inbetriebnahme \u00fcber Wartung bis zur Anlagenoptimierung.\" \/>\n<meta property=\"og:url\" content=\"https:\/\/www.swissrtec.ch\/de\/service\/\" \/>\n<meta property=\"og:site_name\" content=\"swissRTec AG\" \/>\n<meta property=\"article:modified_time\" content=\"2025-07-04T12:46:29+00:00\" \/>\n<meta name=\"twitter:card\" content=\"summary_large_image\" \/>\n<script type=\"application\/ld+json\" class=\"yoast-schema-graph\">{\"@context\":\"https:\/\/schema.org\",\"@graph\":[{\"@type\":\"WebPage\",\"@id\":\"https:\/\/www.swissrtec.ch\/de\/service\/\",\"url\":\"https:\/\/www.swissrtec.ch\/de\/service\/\",\"name\":\"Service - swissRTec AG\",\"isPartOf\":{\"@id\":\"https:\/\/www.swissrtec.ch\/#website\"},\"datePublished\":\"2025-03-20T13:42:10+00:00\",\"dateModified\":\"2025-07-04T12:46:29+00:00\",\"description\":\"Profitieren Sie vom zuverl\u00e4ssigen Service von swissRTec AG - von Inbetriebnahme \u00fcber Wartung bis zur Anlagenoptimierung.\",\"breadcrumb\":{\"@id\":\"https:\/\/www.swissrtec.ch\/de\/service\/#breadcrumb\"},\"inLanguage\":\"de\",\"potentialAction\":[{\"@type\":\"ReadAction\",\"target\":[\"https:\/\/www.swissrtec.ch\/de\/service\/\"]}]},{\"@type\":\"BreadcrumbList\",\"@id\":\"https:\/\/www.swissrtec.ch\/de\/service\/#breadcrumb\",\"itemListElement\":[{\"@type\":\"ListItem\",\"position\":1,\"name\":\"Home\",\"item\":\"https:\/\/www.swissrtec.ch\/de\/\"},{\"@type\":\"ListItem\",\"position\":2,\"name\":\"Service\"}]},{\"@type\":\"WebSite\",\"@id\":\"https:\/\/www.swissrtec.ch\/#website\",\"url\":\"https:\/\/www.swissrtec.ch\/\",\"name\":\"swissRTec\",\"description\":\"\",\"publisher\":{\"@id\":\"https:\/\/www.swissrtec.ch\/#organization\"},\"potentialAction\":[{\"@type\":\"SearchAction\",\"target\":{\"@type\":\"EntryPoint\",\"urlTemplate\":\"https:\/\/www.swissrtec.ch\/?s={search_term_string}\"},\"query-input\":{\"@type\":\"PropertyValueSpecification\",\"valueRequired\":true,\"valueName\":\"search_term_string\"}}],\"inLanguage\":\"de\"},{\"@type\":\"Organization\",\"@id\":\"https:\/\/www.swissrtec.ch\/#organization\",\"name\":\"swissRTec AG\",\"url\":\"https:\/\/www.swissrtec.ch\/\",\"logo\":{\"@type\":\"ImageObject\",\"inLanguage\":\"de\",\"@id\":\"https:\/\/www.swissrtec.ch\/#\/schema\/logo\/image\/\",\"url\":\"https:\/\/www.swissrtec.ch\/wp-content\/uploads\/2025\/03\/swissrtec-logo.svg\",\"contentUrl\":\"https:\/\/www.swissrtec.ch\/wp-content\/uploads\/2025\/03\/swissrtec-logo.svg\",\"width\":1,\"height\":1,\"caption\":\"swissRTec AG\"},\"image\":{\"@id\":\"https:\/\/www.swissrtec.ch\/#\/schema\/logo\/image\/\"}}]}<\/script>\n<!-- \/ Yoast SEO plugin. -->","yoast_head_json":{"title":"Service - swissRTec AG","description":"Profitieren Sie vom zuverl\u00e4ssigen Service von swissRTec AG - von Inbetriebnahme \u00fcber Wartung bis zur Anlagenoptimierung.","robots":{"index":"index","follow":"follow","max-snippet":"max-snippet:-1","max-image-preview":"max-image-preview:large","max-video-preview":"max-video-preview:-1"},"canonical":"https:\/\/www.swissrtec.ch\/de\/service\/","og_locale":"de_DE","og_type":"article","og_title":"Service - swissRTec AG","og_description":"Profitieren Sie vom zuverl\u00e4ssigen Service von swissRTec AG - von Inbetriebnahme \u00fcber Wartung bis zur Anlagenoptimierung.","og_url":"https:\/\/www.swissrtec.ch\/de\/service\/","og_site_name":"swissRTec AG","article_modified_time":"2025-07-04T12:46:29+00:00","twitter_card":"summary_large_image","schema":{"@context":"https:\/\/schema.org","@graph":[{"@type":"WebPage","@id":"https:\/\/www.swissrtec.ch\/de\/service\/","url":"https:\/\/www.swissrtec.ch\/de\/service\/","name":"Service - swissRTec AG","isPartOf":{"@id":"https:\/\/www.swissrtec.ch\/#website"},"datePublished":"2025-03-20T13:42:10+00:00","dateModified":"2025-07-04T12:46:29+00:00","description":"Profitieren Sie vom zuverl\u00e4ssigen Service von swissRTec AG - von Inbetriebnahme \u00fcber Wartung bis zur Anlagenoptimierung.","breadcrumb":{"@id":"https:\/\/www.swissrtec.ch\/de\/service\/#breadcrumb"},"inLanguage":"de","potentialAction":[{"@type":"ReadAction","target":["https:\/\/www.swissrtec.ch\/de\/service\/"]}]},{"@type":"BreadcrumbList","@id":"https:\/\/www.swissrtec.ch\/de\/service\/#breadcrumb","itemListElement":[{"@type":"ListItem","position":1,"name":"Home","item":"https:\/\/www.swissrtec.ch\/de\/"},{"@type":"ListItem","position":2,"name":"Service"}]},{"@type":"WebSite","@id":"https:\/\/www.swissrtec.ch\/#website","url":"https:\/\/www.swissrtec.ch\/","name":"swissRTec","description":"","publisher":{"@id":"https:\/\/www.swissrtec.ch\/#organization"},"potentialAction":[{"@type":"SearchAction","target":{"@type":"EntryPoint","urlTemplate":"https:\/\/www.swissrtec.ch\/?s={search_term_string}"},"query-input":{"@type":"PropertyValueSpecification","valueRequired":true,"valueName":"search_term_string"}}],"inLanguage":"de"},{"@type":"Organization","@id":"https:\/\/www.swissrtec.ch\/#organization","name":"swissRTec AG","url":"https:\/\/www.swissrtec.ch\/","logo":{"@type":"ImageObject","inLanguage":"de","@id":"https:\/\/www.swissrtec.ch\/#\/schema\/logo\/image\/","url":"https:\/\/www.swissrtec.ch\/wp-content\/uploads\/2025\/03\/swissrtec-logo.svg","contentUrl":"https:\/\/www.swissrtec.ch\/wp-content\/uploads\/2025\/03\/swissrtec-logo.svg","width":1,"height":1,"caption":"swissRTec AG"},"image":{"@id":"https:\/\/www.swissrtec.ch\/#\/schema\/logo\/image\/"}}]}},"_links":{"self":[{"href":"https:\/\/www.swissrtec.ch\/de\/wp-json\/wp\/v2\/pages\/5485","targetHints":{"allow":["GET"]}}],"collection":[{"href":"https:\/\/www.swissrtec.ch\/de\/wp-json\/wp\/v2\/pages"}],"about":[{"href":"https:\/\/www.swissrtec.ch\/de\/wp-json\/wp\/v2\/types\/page"}],"author":[{"embeddable":true,"href":"https:\/\/www.swissrtec.ch\/de\/wp-json\/wp\/v2\/users\/1"}],"replies":[{"embeddable":true,"href":"https:\/\/www.swissrtec.ch\/de\/wp-json\/wp\/v2\/comments?post=5485"}],"version-history":[{"count":5,"href":"https:\/\/www.swissrtec.ch\/de\/wp-json\/wp\/v2\/pages\/5485\/revisions"}],"predecessor-version":[{"id":6177,"href":"https:\/\/www.swissrtec.ch\/de\/wp-json\/wp\/v2\/pages\/5485\/revisions\/6177"}],"wp:attachment":[{"href":"https:\/\/www.swissrtec.ch\/de\/wp-json\/wp\/v2\/media?parent=5485"}],"curies":[{"name":"wp","href":"https:\/\/api.w.org\/{rel}","templated":true}]}}