{"id":5488,"date":"2025-03-18T11:37:32","date_gmt":"2025-03-18T10:37:32","guid":{"rendered":"https:\/\/www.swissrtec.ch\/start\/"},"modified":"2025-12-04T10:22:09","modified_gmt":"2025-12-04T09:22:09","slug":"start","status":"publish","type":"page","link":"https:\/\/www.swissrtec.ch\/de\/","title":{"rendered":"Start"},"content":{"rendered":"","protected":false},"excerpt":{"rendered":"","protected":false},"author":1,"featured_media":0,"parent":0,"menu_order":0,"comment_status":"closed","ping_status":"closed","template":"","meta":{"_acf_changed":false,"inline_featured_image":false,"footnotes":""},"class_list":["post-5488","page","type-page","status-publish","hentry"],"acf":{"module":[{"acf_fc_layout":"solutions","einstellungen":{"deactivate":false,"abstand_oben":35,"padding_oben":35,"padding_unten":35,"abstand_unten":60,"hintergrundfarbe":"","volle_breite":false},"text":"<h2 class=\"mb-16\" style=\"text-align: center;\">WIR BAUEN RECYCLINGANLAGEN UND -L\u00d6SUNGEN<\/h2>\r\n<p style=\"text-align: center;\">swissRTec AG ist ein f\u00fchrender Hersteller von Recyclinganlagen. Gemeinsam mit Ihnen entwickelt unser motiviertes und\r\nengagiertes Team zuverl\u00e4ssige, fortschrittliche, nachhaltige und sichere Recyclingl\u00f6sungen f\u00fcr eine saubere Zukunft.<\/p>","cards":[{"title":"ANLAGEN","text":"Unsere Recyclinganlagen und L\u00f6sungen stehen f\u00fcr h\u00f6chste Effizienz beim Shreddern, Aufschlie\u00dfen und der pr\u00e4zisen Separation von Metallen und Kunststoffen. Sie basieren auf unserem weltweit erprobten Know-how und den Erfahrungen aus erfolgreich realisierten Anlagen. Unsere Systeme sind individuell auf Ihre Anforderungen abgestimmt \u2013 f\u00fcr maximale Leistung, h\u00f6chste Wirtschaftlichkeit und nachhaltigen Erfolg.","bild":3695,"link":{"title":"MEHR ERFAHREN","url":"https:\/\/www.swissrtec.ch\/de\/plants-and-solutions\/#plants","target":""}},{"title":"VERTIKAL SHREDDER","text":"Der Kubota Vertikal Shredder ist eine einzigartige, robuste Maschine, die f\u00fcr das effiziente Shreddern verschiedener Arten von Abf\u00e4llen und Schrottenentwickelt wurde. Er liefert gleichm\u00e4\u00dfig zerkleinerte Partikel, die eine effiziente Separation gew\u00e4hrleisten.","bild":3696,"link":{"title":"MEHR ERFAHREN","url":"https:\/\/www.swissrtec.ch\/de\/plants-and-solutions\/#vertical-shredder","target":""}},{"title":"AUFSCHLUSSM\u00dcHLE","text":"Unsere Aufschlussm\u00fchle schlie\u00dft pr\u00e4zise und effektiv komplexe Verbundwerkstoffe auf und erm\u00f6glicht so eine effiziente Separation in den Folgeprozessen. Die Verkugelung der Metalle erm\u00f6glicht eine hohe R\u00fcckgewinnungsausbeute und eine hohe Qualit\u00e4t der wiederverwertbaren Materialien.","bild":3697,"link":{"title":"MEHR ERFAHREN","url":"https:\/\/www.swissrtec.ch\/de\/plants-and-solutions\/#delamination-mills","target":""}},{"title":"SPEZIALPROJEKTE","text":"Wir bieten Ihnen ma\u00dfgeschneiderte L\u00f6sungen f\u00fcr individuelle Recyclinganforderungen. Ob spezielle Systeme oder innovative Konzepte - wir arbeiten mit Ihnen zusammen an der optimalen L\u00f6sung.","bild":5424,"link":{"title":"MEHR ERFAHREN","url":"https:\/\/www.swissrtec.ch\/de\/plants-and-solutions\/#special-projects","target":""}}],"button":{"title":"Anlagen und L\u00f6sungen","url":"https:\/\/www.swissrtec.ch\/de\/plants-and-solutions\/","target":""}},{"acf_fc_layout":"service_road","einstellungen":{"deactivate":false,"abstand_oben":63,"padding_oben":35,"padding_unten":35,"abstand_unten":60},"headline":"UNSER SERVICE","subheadline":"WIR F\u00dcHREN SIE ZUM ERFOLG","bild":3699,"text":"Wir begleiten Sie von der ersten Idee bis zum langfristigen Erfolg Ihrer Anlage. Mit jahrzehntelanger Erfahrung liefern wir ergebnisorientierte Beratung, pr\u00e4zises Engineering und eine reibungslose Projektabwicklung, von der Planung \u00fcber die Montage bis zur Inbetriebnahme. Durch regelm\u00e4\u00dfige Wartungen, Begutachtungen, Inspektionen, Schulungen und die Bereitstellung von Ersatzteilen sorgen wir f\u00fcr maximale Effizienz und Betriebssicherheit.","button":{"title":"Service","url":"https:\/\/www.swissrtec.ch\/de\/service\/","target":""}},{"acf_fc_layout":"material","einstellungen":{"deactivate":false,"abstand_oben":60,"padding_oben":60,"padding_unten":60,"abstand_unten":0,"hintergrundfarbe":"rgb(244,244,244)","volle_breite":false},"text":"<h2>IHR MATERIAL<\/h2>\r\n<div class=\"h2 mb-16\"><span class=\"fw-normal\">UNSERE L\u00d6SUNG<\/span><\/div>\r\nOb Elektroschrott, Kabel, Batterien, Metalschrotte oder andere Materialien - swissRTec AG bietet ma\u00dfgeschneiderte L\u00f6sungen f\u00fcr sichere und effiziente Recyclingprozesse. Mit innovativen Technologien und fundiertem Fachwissen sorgen wir f\u00fcr eine optimale R\u00fcckgewinnung von wertvollen Rohstoffen.","cards":[{"title":"ELEKTROSCHROTT","bild":3687,"bild_mouseover":3759,"link":{"title":"E-Waste","url":"https:\/\/www.swissrtec.ch\/de\/materials\/#e-waste","target":""}},{"title":"METALLSCHROTT","bild":3707,"bild_mouseover":3703,"link":{"title":"Metal Scrap","url":"https:\/\/www.swissrtec.ch\/de\/materials\/#metal-scrap","target":""}},{"title":"KABEL","bild":3705,"bild_mouseover":3709,"link":{"title":"Cables","url":"https:\/\/www.swissrtec.ch\/de\/materials\/#cables","target":""}},{"title":"Li-Ion BATTERIEN","bild":3706,"bild_mouseover":3702,"link":{"title":"Batteries","url":"https:\/\/www.swissrtec.ch\/de\/materials\/#batteries","target":""}},{"title":"ANDERES","bild":3708,"bild_mouseover":3704,"link":{"title":"Others","url":"https:\/\/www.swissrtec.ch\/de\/materials\/#others","target":""}}],"button":{"title":"Materialien","url":"https:\/\/www.swissrtec.ch\/de\/materials\/","target":""}},{"acf_fc_layout":"bild_mit_caption","einstellungen":{"deactivate":false,"abstand_oben":0,"padding_oben":80,"padding_unten":80,"abstand_unten":60,"volle_breite":false},"bild":4466,"headline":"FINDEN SIE DIE PASSENDE RECYCLINGANLAGE ODER L\u00d6SUNG","subheadline":"F\u00dcR IHRE ANFORDERUNGEN","cation_position":"align-items-start","button":{"title":"ANLAGEN FINDER","url":"https:\/\/www.swissrtec.ch\/plantfinder\/","target":""}},{"acf_fc_layout":"internationally","einstellungen":{"deactivate":false,"abstand_oben":35,"padding_oben":35,"padding_unten":35,"abstand_unten":35,"hintergrundfarbe":"","volle_breite":false},"text":"<h2>WIR SIND INTERNATIONAL<\/h2>\r\n<div class=\"h2\"><span class=\"fw-normal\">BETRIEBSST\u00c4TTEN WELTWEIT<\/span><\/div>\r\nH\u00f6chste Schweizer Handwerkspr\u00e4zision f\u00fcr die ganze Welt. Wir sind international t\u00e4tig und haben uns bereits das Vertrauen einer Vielzahl von internationalen Kunden erarbeitet. Egal auf welchem Kontinent, swissRTec AG liefert Ihnen Recyclinganlagen auf h\u00f6chstem Niveau.","bild":5662,"button":{"title":"\u00dcber uns","url":"https:\/\/www.swissrtec.ch\/de\/about-us\/","target":""},"standortmarkierungen":[{"standort_titel":"Europe","standort_koordinaten":"512,242,25","standort_daten":[{"country":"Austria","supplied_plant":"SRT-2","input_material":"ASR \/ Fluff \/ SLF","capacity_th":"4.5"},{"country":"Austria","supplied_plant":"SRT-2","input_material":"Others","capacity_th":"5.0"},{"country":"Belgium","supplied_plant":"SRT-2","input_material":"Cables","capacity_th":"3.0"},{"country":"Czech Rep","supplied_plant":"SRT-1 & SRT-2","input_material":"E-Waste","capacity_th":"5.0"},{"country":"Denmark","supplied_plant":"SRT-1","input_material":"Others","capacity_th":"6.0"},{"country":"France","supplied_plant":"SRT-LIBs","input_material":"Li-Ion Batteries","capacity_th":"0.5"},{"country":"France","supplied_plant":"SRT-LIBs","input_material":"Li-lon Batteries","capacity_th":"2.0"},{"country":"Germany","supplied_plant":"SRT-2","input_material":"Metal Scrap","capacity_th":"1.0"},{"country":"Germany","supplied_plant":"SRT-2","input_material":"E-Waste","capacity_th":"4.0"},{"country":"Germany","supplied_plant":"SRT-2","input_material":"Metal Scrap","capacity_th":"1.0"},{"country":"Germany","supplied_plant":"SRT-2","input_material":"Cables","capacity_th":"2.0"},{"country":"Germany","supplied_plant":"SRT-2","input_material":"Cables","capacity_th":"4.0"},{"country":"Germany","supplied_plant":"Special Project","input_material":"Metal Scrap","capacity_th":"5.0"},{"country":"Holland","supplied_plant":"SRT-LIBs","input_material":"Li-lon Batteries","capacity_th":"2.0"},{"country":"Italy","supplied_plant":"SRT-1","input_material":"E-Waste","capacity_th":"20.0"},{"country":"Lativa","supplied_plant":"SRT-1","input_material":"Metal Scrap","capacity_th":"6.0"},{"country":"Netherlands","supplied_plant":"SRT-2","input_material":"ASR \/ Fluff \/ SLF","capacity_th":"2.5"},{"country":"Netherlands","supplied_plant":"SRT-2","input_material":"Cables","capacity_th":"2.5"},{"country":"Netherlands","supplied_plant":"SRT-2","input_material":"Cables","capacity_th":"2.5"},{"country":"Netherlands","supplied_plant":"SRT-2","input_material":"Cables, E-Waste","capacity_th":"1.5"},{"country":"Poland","supplied_plant":"SRT-LIBs","input_material":"Li-Ion Batteries","capacity_th":"2.0"},{"country":"Portugal","supplied_plant":"SRT-2","input_material":"E-Waste","capacity_th":"1.0"},{"country":"Portugal","supplied_plant":"SRT-1 & SRT-2","input_material":"Metal Scrap, E-Waste","capacity_th":"2.0"},{"country":"Spain","supplied_plant":"SRT-2","input_material":"Cables","capacity_th":"3.5"},{"country":"Spain","supplied_plant":"SRT-1","input_material":"Metal Scrap","capacity_th":"20.0"},{"country":"Sweden","supplied_plant":"SRT-1","input_material":"ASR \/ Fluff \/ SLF","capacity_th":"12.0"},{"country":"Sweden","supplied_plant":"SRT-1","input_material":"E-Waste","capacity_th":"30.0"},{"country":"Switzerland","supplied_plant":"SRT-2","input_material":"E-Waste","capacity_th":"1.6"},{"country":"Switzerland","supplied_plant":"SRT-2","input_material":"E-Waste","capacity_th":"2.5"},{"country":"UK","supplied_plant":"SRT-2","input_material":"E-Waste","capacity_th":"3.5"},{"country":"UK","supplied_plant":"SRT-1","input_material":"Metal Scrap","capacity_th":"15.0"},{"country":"UK","supplied_plant":"SRT-1","input_material":"Metal Scrap","capacity_th":"20.0"},{"country":"UK","supplied_plant":"SRT-LIBs","input_material":"Li-Ion Batteries","capacity_th":"2.0"},{"country":"UK","supplied_plant":"SRT-LIBs","input_material":"Li-Ion Batteries","capacity_th":"2.0"}]},{"standort_titel":"NORTH AMERICA","standort_koordinaten":"168,269,25","standort_daten":[{"country":"Canada","supplied_plant":"SRT-2","input_material":"E-Waste","capacity_th":"1.5"},{"country":"Canada","supplied_plant":"SRT-2","input_material":"E-Waste","capacity_th":"1.6"},{"country":"USA","supplied_plant":"SRT-1","input_material":"Metal Scrap","capacity_th":"4.0"}]},{"standort_titel":"Australia","standort_koordinaten":"924,511,25","standort_daten":[{"country":"Australia","supplied_plant":"SRT-2","input_material":"ASR \/ Fluff \/ SLF","capacity_th":"10.0"}]},{"standort_titel":"Asia","standort_koordinaten":"760,151,25","standort_daten":[{"country":"India","supplied_plant":"SRT-1 & SRT-2","input_material":"E-Waste","capacity_th":"1.0"},{"country":"Japan","supplied_plant":"SRT-2","input_material":"E-Waste","capacity_th":"1.3"},{"country":"Japan","supplied_plant":"PM Recovery Plant","input_material":"E-Waste","capacity_th":"0.5"}]}]},{"acf_fc_layout":"references","einstellungen":{"deactivate":false,"abstand_oben":60,"padding_oben":150,"padding_unten":150,"abstand_unten":0,"hintergrundfarbe":"rgb(244,244,244)","volle_breite":false},"text":"<h2>Referenzen<\/h2>","bilder":[{"bild":3711,"caption_titel":"SRT-1","caption_text":"Performance:\t25 t\/h, Material: Elektroschrott"},{"bild":3712,"caption_titel":"SRT-2","caption_text":" Performance:\t4 t\/h, Material: Copper Cables"},{"bild":3713,"caption_titel":"SRT-1","caption_text":"Performance:\t4 t\/h, Material: Kupfer Kabel"},{"bild":3714,"caption_titel":"SRT-LIBs","caption_text":"Performance:\t15 t\/h, Material: E-Motoren, Kupfer \u201cMeat Balls\u201d"},{"bild":3715,"caption_titel":"SRT-2","caption_text":"Performance:\t2 t\/h, Material: Li-Ion Batterien"},{"bild":3716,"caption_titel":"SRT-1","caption_text":"Performance:\t5t\/h, Material: Buntmetalle 20 bis 100mm"},{"bild":3718,"caption_titel":"SRT-LIBs","caption_text":"Performance:\t2 t\/h, Material: Li-Ion Batterien \/ Module"}]},{"acf_fc_layout":"bild_mit_caption","einstellungen":{"deactivate":false,"abstand_oben":0,"padding_oben":80,"padding_unten":80,"abstand_unten":35,"volle_breite":false},"bild":3774,"headline":"AUF DER SUCHE NACH DEM N\u00c4CHSTEN KARRIERESCHRITT?","subheadline":"INFORMIEREN SIE SICH \u00dcBER UNSERE STELLEN","cation_position":"align-items-start","button":{"title":"Karriere","url":"https:\/\/www.swissrtec.ch\/de\/career\/","target":""}},{"acf_fc_layout":"news_teaser_2","einstellungen":{"deactivate":false,"abstand_oben":35,"padding_oben":35,"padding_unten":35,"abstand_unten":35,"hintergrundfarbe":"","volle_breite":false},"text":"<h2>News<\/h2>","wie_viele_beitrage_sollen_gezeigt_werden":3,"button":{"title":"News Archiv","url":"https:\/\/www.swissrtec.ch\/de\/news\/","target":""}},{"acf_fc_layout":"zeile_2","beschriftung_backend":"Meet us","einstellungen":{"deactivate":false,"abstand_oben":35,"padding_oben":60,"padding_unten":0,"abstand_unten":0,"hintergrundfarbe":"rgb(244,244,244)","volle_breite":false},"mobile_reverse":false,"spalten":"1","spalte_1":{"inhalt":"text","text":"<h2>Triff uns<\/h2>","textausrichtung":"justify-content-start","bild":null,"bildbeschriftung":"","bildgrose":false,"bildlink":null},"spalte_2":{"inhalt":"text","text":"<img class=\"rounded alignnone wp-image-776 size-large\" src=\"https:\/\/www.swissrtec.ch\/wp-content\/uploads\/2025\/03\/Acr439993949760-2372845-Kopie-1024x267.webp\" alt=\"\" width=\"1024\" height=\"267\" \/>\r\n\r\n<strong>VISIT US BOOTH<\/strong>","textausrichtung":false,"bild":null,"bildbeschriftung":"","bildgrose":false,"bildlink":null},"spalte_3":{"inhalt":false,"text":"","textausrichtung":false,"bild":null,"bildbeschriftung":"","bildgrose":false,"bildlink":null}},{"acf_fc_layout":"zeile_2","beschriftung_backend":"","einstellungen":{"deactivate":false,"abstand_oben":0,"padding_oben":35,"padding_unten":60,"abstand_unten":0,"hintergrundfarbe":"rgb(244,244,244)","volle_breite":false},"mobile_reverse":false,"spalten":"2","spalte_1":{"inhalt":"bild","text":"<div class=\"img-3-1 mb-15 hover-zoom-in rounded\"><a href=\"https:\/\/www.ecomondo.com\/en\"><img class=\"rounded alignnone wp-image-6719 size-medium\" src=\"https:\/\/www.swissrtec.ch\/wp-content\/uploads\/2025\/09\/Ecomondo_2025_Banner_Unbenannt-3f6860ff9590f241-300x81.webp\" alt=\"\" width=\"300\" height=\"81\" \/><\/a><\/div>\r\n<strong class=\"text-uppercase\">VISIT US BOOTH A4 107<\/strong>","textausrichtung":"justify-content-start","bild":6806,"bildbeschriftung":"VISIT US BOOTH A4 107","bildgrose":"img-full","bildlink":""},"spalte_2":{"inhalt":"text","text":"","textausrichtung":"justify-content-start","bild":null,"bildbeschriftung":"","bildgrose":false,"bildlink":null},"spalte_3":{"inhalt":"text","text":"<img class=\"rounded alignnone wp-image-779 size-large\" src=\"https:\/\/www.swissrtec.ch\/wp-content\/uploads\/2025\/03\/str2_solution_16-9-1024x267.webp\" alt=\"\" width=\"1024\" height=\"267\" \/>\r\n\r\n<strong class=\"text-uppercase\">Visit us Booth s10<\/strong>","textausrichtung":false,"bild":null,"bildbeschriftung":"","bildgrose":false,"bildlink":null}}]},"yoast_head":"<!-- This site is optimized with the Yoast SEO plugin v25.3.1 - https:\/\/yoast.com\/wordpress\/plugins\/seo\/ -->\n<title>Start - swissRTec AG<\/title>\n<meta name=\"description\" content=\"Die Recyclinganlagen und L\u00f6sungen von swissRTec AG stehen f\u00fcr h\u00f6chste Effizienz beim Shreddern, Aufschlie\u00dfen und der pr\u00e4zisen Separation von Metallen und Kunststoffen.\" \/>\n<meta name=\"robots\" content=\"index, follow, max-snippet:-1, max-image-preview:large, max-video-preview:-1\" \/>\n<link rel=\"canonical\" href=\"https:\/\/www.swissrtec.ch\/de\/\" \/>\n<meta property=\"og:locale\" content=\"de_DE\" \/>\n<meta property=\"og:type\" content=\"article\" \/>\n<meta property=\"og:title\" content=\"Start - swissRTec AG\" \/>\n<meta property=\"og:description\" content=\"Die Recyclinganlagen und L\u00f6sungen von swissRTec AG stehen f\u00fcr h\u00f6chste Effizienz beim Shreddern, Aufschlie\u00dfen und der pr\u00e4zisen Separation von Metallen und Kunststoffen.\" \/>\n<meta property=\"og:url\" content=\"https:\/\/www.swissrtec.ch\/de\/\" \/>\n<meta property=\"og:site_name\" content=\"swissRTec AG\" \/>\n<meta property=\"article:modified_time\" content=\"2025-12-04T09:22:09+00:00\" \/>\n<meta name=\"twitter:card\" content=\"summary_large_image\" \/>\n<script type=\"application\/ld+json\" class=\"yoast-schema-graph\">{\"@context\":\"https:\/\/schema.org\",\"@graph\":[{\"@type\":\"WebPage\",\"@id\":\"https:\/\/www.swissrtec.ch\/de\/\",\"url\":\"https:\/\/www.swissrtec.ch\/de\/\",\"name\":\"Start - swissRTec AG\",\"isPartOf\":{\"@id\":\"https:\/\/www.swissrtec.ch\/#website\"},\"datePublished\":\"2025-03-18T10:37:32+00:00\",\"dateModified\":\"2025-12-04T09:22:09+00:00\",\"description\":\"Die Recyclinganlagen und L\u00f6sungen von swissRTec AG stehen f\u00fcr h\u00f6chste Effizienz beim Shreddern, Aufschlie\u00dfen und der pr\u00e4zisen Separation von Metallen und Kunststoffen.\",\"breadcrumb\":{\"@id\":\"https:\/\/www.swissrtec.ch\/de\/#breadcrumb\"},\"inLanguage\":\"de\",\"potentialAction\":[{\"@type\":\"ReadAction\",\"target\":[\"https:\/\/www.swissrtec.ch\/de\/\"]}]},{\"@type\":\"BreadcrumbList\",\"@id\":\"https:\/\/www.swissrtec.ch\/de\/#breadcrumb\",\"itemListElement\":[{\"@type\":\"ListItem\",\"position\":1,\"name\":\"Home\",\"item\":\"https:\/\/www.swissrtec.ch\/de\/\"},{\"@type\":\"ListItem\",\"position\":2,\"name\":\"Start\"}]},{\"@type\":\"WebSite\",\"@id\":\"https:\/\/www.swissrtec.ch\/#website\",\"url\":\"https:\/\/www.swissrtec.ch\/\",\"name\":\"swissRTec\",\"description\":\"\",\"publisher\":{\"@id\":\"https:\/\/www.swissrtec.ch\/#organization\"},\"potentialAction\":[{\"@type\":\"SearchAction\",\"target\":{\"@type\":\"EntryPoint\",\"urlTemplate\":\"https:\/\/www.swissrtec.ch\/?s={search_term_string}\"},\"query-input\":{\"@type\":\"PropertyValueSpecification\",\"valueRequired\":true,\"valueName\":\"search_term_string\"}}],\"inLanguage\":\"de\"},{\"@type\":\"Organization\",\"@id\":\"https:\/\/www.swissrtec.ch\/#organization\",\"name\":\"swissRTec AG\",\"url\":\"https:\/\/www.swissrtec.ch\/\",\"logo\":{\"@type\":\"ImageObject\",\"inLanguage\":\"de\",\"@id\":\"https:\/\/www.swissrtec.ch\/#\/schema\/logo\/image\/\",\"url\":\"https:\/\/www.swissrtec.ch\/wp-content\/uploads\/2025\/03\/swissrtec-logo.svg\",\"contentUrl\":\"https:\/\/www.swissrtec.ch\/wp-content\/uploads\/2025\/03\/swissrtec-logo.svg\",\"width\":1,\"height\":1,\"caption\":\"swissRTec AG\"},\"image\":{\"@id\":\"https:\/\/www.swissrtec.ch\/#\/schema\/logo\/image\/\"}}]}<\/script>\n<!-- \/ Yoast SEO plugin. -->","yoast_head_json":{"title":"Start - swissRTec AG","description":"Die Recyclinganlagen und L\u00f6sungen von swissRTec AG stehen f\u00fcr h\u00f6chste Effizienz beim Shreddern, Aufschlie\u00dfen und der pr\u00e4zisen Separation von Metallen und Kunststoffen.","robots":{"index":"index","follow":"follow","max-snippet":"max-snippet:-1","max-image-preview":"max-image-preview:large","max-video-preview":"max-video-preview:-1"},"canonical":"https:\/\/www.swissrtec.ch\/de\/","og_locale":"de_DE","og_type":"article","og_title":"Start - swissRTec AG","og_description":"Die Recyclinganlagen und L\u00f6sungen von swissRTec AG stehen f\u00fcr h\u00f6chste Effizienz beim Shreddern, Aufschlie\u00dfen und der pr\u00e4zisen Separation von Metallen und Kunststoffen.","og_url":"https:\/\/www.swissrtec.ch\/de\/","og_site_name":"swissRTec AG","article_modified_time":"2025-12-04T09:22:09+00:00","twitter_card":"summary_large_image","schema":{"@context":"https:\/\/schema.org","@graph":[{"@type":"WebPage","@id":"https:\/\/www.swissrtec.ch\/de\/","url":"https:\/\/www.swissrtec.ch\/de\/","name":"Start - swissRTec AG","isPartOf":{"@id":"https:\/\/www.swissrtec.ch\/#website"},"datePublished":"2025-03-18T10:37:32+00:00","dateModified":"2025-12-04T09:22:09+00:00","description":"Die Recyclinganlagen und L\u00f6sungen von swissRTec AG stehen f\u00fcr h\u00f6chste Effizienz beim Shreddern, Aufschlie\u00dfen und der pr\u00e4zisen Separation von Metallen und Kunststoffen.","breadcrumb":{"@id":"https:\/\/www.swissrtec.ch\/de\/#breadcrumb"},"inLanguage":"de","potentialAction":[{"@type":"ReadAction","target":["https:\/\/www.swissrtec.ch\/de\/"]}]},{"@type":"BreadcrumbList","@id":"https:\/\/www.swissrtec.ch\/de\/#breadcrumb","itemListElement":[{"@type":"ListItem","position":1,"name":"Home","item":"https:\/\/www.swissrtec.ch\/de\/"},{"@type":"ListItem","position":2,"name":"Start"}]},{"@type":"WebSite","@id":"https:\/\/www.swissrtec.ch\/#website","url":"https:\/\/www.swissrtec.ch\/","name":"swissRTec","description":"","publisher":{"@id":"https:\/\/www.swissrtec.ch\/#organization"},"potentialAction":[{"@type":"SearchAction","target":{"@type":"EntryPoint","urlTemplate":"https:\/\/www.swissrtec.ch\/?s={search_term_string}"},"query-input":{"@type":"PropertyValueSpecification","valueRequired":true,"valueName":"search_term_string"}}],"inLanguage":"de"},{"@type":"Organization","@id":"https:\/\/www.swissrtec.ch\/#organization","name":"swissRTec AG","url":"https:\/\/www.swissrtec.ch\/","logo":{"@type":"ImageObject","inLanguage":"de","@id":"https:\/\/www.swissrtec.ch\/#\/schema\/logo\/image\/","url":"https:\/\/www.swissrtec.ch\/wp-content\/uploads\/2025\/03\/swissrtec-logo.svg","contentUrl":"https:\/\/www.swissrtec.ch\/wp-content\/uploads\/2025\/03\/swissrtec-logo.svg","width":1,"height":1,"caption":"swissRTec AG"},"image":{"@id":"https:\/\/www.swissrtec.ch\/#\/schema\/logo\/image\/"}}]}},"_links":{"self":[{"href":"https:\/\/www.swissrtec.ch\/de\/wp-json\/wp\/v2\/pages\/5488","targetHints":{"allow":["GET"]}}],"collection":[{"href":"https:\/\/www.swissrtec.ch\/de\/wp-json\/wp\/v2\/pages"}],"about":[{"href":"https:\/\/www.swissrtec.ch\/de\/wp-json\/wp\/v2\/types\/page"}],"author":[{"embeddable":true,"href":"https:\/\/www.swissrtec.ch\/de\/wp-json\/wp\/v2\/users\/1"}],"replies":[{"embeddable":true,"href":"https:\/\/www.swissrtec.ch\/de\/wp-json\/wp\/v2\/comments?post=5488"}],"version-history":[{"count":53,"href":"https:\/\/www.swissrtec.ch\/de\/wp-json\/wp\/v2\/pages\/5488\/revisions"}],"predecessor-version":[{"id":6800,"href":"https:\/\/www.swissrtec.ch\/de\/wp-json\/wp\/v2\/pages\/5488\/revisions\/6800"}],"wp:attachment":[{"href":"https:\/\/www.swissrtec.ch\/de\/wp-json\/wp\/v2\/media?parent=5488"}],"curies":[{"name":"wp","href":"https:\/\/api.w.org\/{rel}","templated":true}]}}