{"id":6196,"date":"2025-06-01T14:48:10","date_gmt":"2025-06-01T12:48:10","guid":{"rendered":"https:\/\/www.swissrtec.ch\/contact\/"},"modified":"2025-09-22T07:59:51","modified_gmt":"2025-09-22T05:59:51","slug":"contact","status":"publish","type":"page","link":"https:\/\/www.swissrtec.ch\/de\/contact\/","title":{"rendered":"Kontakt"},"content":{"rendered":"","protected":false},"excerpt":{"rendered":"","protected":false},"author":1,"featured_media":0,"parent":0,"menu_order":0,"comment_status":"closed","ping_status":"closed","template":"","meta":{"_acf_changed":false,"inline_featured_image":false,"footnotes":""},"class_list":["post-6196","page","type-page","status-publish","hentry"],"acf":{"module":[{"acf_fc_layout":"zeile_2","beschriftung_backend":"","einstellungen":{"deactivate":false,"abstand_oben":35,"padding_oben":35,"padding_unten":0,"abstand_unten":35,"hintergrundfarbe":"","volle_breite":false},"mobile_reverse":false,"spalten":"1","spalte_1":{"inhalt":"text","text":"<h2>Wie k\u00f6nnen wir Ihnen helfen?<\/h2>","textausrichtung":"justify-content-start","bild":null,"bildbeschriftung":"","bildgrose":false,"bildlink":null},"spalte_2":{"inhalt":"text","text":"<div class=\"ps-0 ps-lg-130\">\r\n<div class=\"mb-35 border rounded-pill w-100 px-40 py-12 d-flex justify-content-between fw-bold\" style=\"border-color: #707070 !important;\">\r\n<div>SERVICE HOTLINE<\/div>\r\n<div>+41 71 686 80 40<\/div>\r\n<\/div>\r\n<code><div data-service=\"marketing\" data-id=\"https:\/\/www.google.com\/maps\/embed?pb=!1m18!1m12!1m3!1d5376.371372518428!2d9.195759977000705!3d47.64195837119313!2m3!1f0!2f0!3f0!3m2!1i1024!2i768!4f13.1!3m3!1m2!1s0x479af74f5612eed1%3A0x9d0ba112a9584db9!2sSwissrtec%20AG!5e0!3m2!1sde!2sde!4v1742326431741!5m2!1sde!2sde\" data-ratio=\"<4:3>\" data-iframe-loading=\"lazy\" data-iframe-frameborder=\"0\" class=\"position-relative myframe rounded w-100\"><\/div><\/code>\r\n\r\n&nbsp;\r\n<div>swissRTec AG\r\nReutistrasse 17a\r\nCH-8280 Kreuzlingen\r\nSwitzerland<\/div>\r\n<\/div>","textausrichtung":"justify-content-start","bild":null,"bildbeschriftung":"","bildgrose":false,"bildlink":null},"spalte_3":{"inhalt":false,"text":"","textausrichtung":false,"bild":null,"bildbeschriftung":"","bildgrose":false,"bildlink":null}},{"acf_fc_layout":"zeile_2","beschriftung_backend":"","einstellungen":{"deactivate":false,"abstand_oben":35,"padding_oben":35,"padding_unten":35,"abstand_unten":150,"hintergrundfarbe":"","volle_breite":false},"mobile_reverse":false,"spalten":"2","spalte_1":{"inhalt":"text","text":"[contact-form-7 id=\"4f2f6dd\" title=\"Kontaktformular 1\"]","textausrichtung":"justify-content-start","bild":null,"bildbeschriftung":"","bildgrose":false,"bildlink":null},"spalte_2":{"inhalt":"text","text":"<div class=\"ps-0\">\r\n<div>\r\n<div class=\"row\">\r\n<div class=\"col-12 col-xl-6\"><strong>swissRTec AG<\/strong>\r\nMoosgrabenstr. 12\r\nCH-8595 Altnau\r\nSchweiz+41 71 686 80 40\r\ninfo@swissrtec.ch<\/div>\r\n<div class=\"col-12 col-xl-6 border-0\"><strong>Lieferadresse f\u00fcr Waren<\/strong>\r\nswissRTec AG\r\nReutistrasse 17a\r\nCH-8280 Kreuzlingen\r\nSwitzerland\r\n\r\nWarenanlieferung m\u00f6glich zwischen 07.30 bis 12.00 und 13.00 bis 16.00<\/div>\r\n<\/div>\r\n&nbsp;\r\n\r\n<img class=\"alignnone wp-image-6745 size-medium\" src=\"https:\/\/www.swissrtec.ch\/wp-content\/uploads\/2025\/09\/Map_Location_SRT-300x185.webp\" alt=\"\" width=\"300\" height=\"185\" \/>\r\n<div class=\"my-50\">\r\n<div class=\"row\">\r\n<div class=\"col-12 col-xl-6 pe-xl-0\"><strong>Planen Sie Ihre Reise<\/strong>\r\n<a href=\"https:\/\/share.google\/OwNuGu7G6BChRJIbq\" target=\"_blank\" rel=\"noopener\">Routenplanung zu swissRTec AG (GoogleMaps)<\/a>\r\n<a href=\"https:\/\/www.flughafen-zuerich.ch\/de\/passagiere\/fliegen\/fluginformation\/destinationen\" target=\"_blank\" rel=\"noopener\">Flughafen Z\u00fcrich<\/a>\r\n<a href=\"https:\/\/www.sbb.ch\/en\" target=\"_blank\" rel=\"noopener\">\u00d6ffentlicher Verkehr<\/a>\r\n<a href=\"https:\/\/www.hotel-kreuzlingen.ch\/\" target=\"_blank\" rel=\"noopener\">Hotel<\/a><\/div>\r\n<div class=\"col-12 col-xl-6 border-0 pt-50 pt-xl-0\"><a class=\"bg-primary rounded-pill px-40 py-12 text-dark text-uppercase fw-bold fs-normal text-nowrap\" href=\"https:\/\/www.swissrtec.ch\/de\/about-us\/\" target=\"_self\">Das Team an Ihrer Seite<\/a><\/div>\r\n<\/div>\r\n<\/div>\r\n<\/div>\r\n<\/div>","textausrichtung":"justify-content-start","bild":null,"bildbeschriftung":"","bildgrose":false,"bildlink":null},"spalte_3":{"inhalt":false,"text":"","textausrichtung":false,"bild":null,"bildbeschriftung":"","bildgrose":false,"bildlink":null}}]},"yoast_head":"<!-- This site is optimized with the Yoast SEO plugin v25.3.1 - https:\/\/yoast.com\/wordpress\/plugins\/seo\/ -->\n<title>Kontakt - swissRTec AG<\/title>\n<meta name=\"description\" content=\"Nehmen Sie Kontakt mit swissRTec AG auf \u2013 Ihr Partner f\u00fcr innovative Recyclingl\u00f6sungen. Wir freuen uns auf Ihre Anfrage und beraten Sie gerne pers\u00f6nlich!\" \/>\n<meta name=\"robots\" content=\"index, follow, max-snippet:-1, max-image-preview:large, max-video-preview:-1\" \/>\n<link rel=\"canonical\" href=\"https:\/\/www.swissrtec.ch\/de\/contact\/\" \/>\n<meta property=\"og:locale\" content=\"de_DE\" \/>\n<meta property=\"og:type\" content=\"article\" \/>\n<meta property=\"og:title\" content=\"Kontakt - swissRTec AG\" \/>\n<meta property=\"og:description\" content=\"Nehmen Sie Kontakt mit swissRTec AG auf \u2013 Ihr Partner f\u00fcr innovative Recyclingl\u00f6sungen. Wir freuen uns auf Ihre Anfrage und beraten Sie gerne pers\u00f6nlich!\" \/>\n<meta property=\"og:url\" content=\"https:\/\/www.swissrtec.ch\/de\/contact\/\" \/>\n<meta property=\"og:site_name\" content=\"swissRTec AG\" \/>\n<meta property=\"article:modified_time\" content=\"2025-09-22T05:59:51+00:00\" \/>\n<meta name=\"twitter:card\" content=\"summary_large_image\" \/>\n<script type=\"application\/ld+json\" class=\"yoast-schema-graph\">{\"@context\":\"https:\/\/schema.org\",\"@graph\":[{\"@type\":\"WebPage\",\"@id\":\"https:\/\/www.swissrtec.ch\/de\/contact\/\",\"url\":\"https:\/\/www.swissrtec.ch\/de\/contact\/\",\"name\":\"Kontakt - swissRTec AG\",\"isPartOf\":{\"@id\":\"https:\/\/www.swissrtec.ch\/#website\"},\"datePublished\":\"2025-06-01T12:48:10+00:00\",\"dateModified\":\"2025-09-22T05:59:51+00:00\",\"description\":\"Nehmen Sie Kontakt mit swissRTec AG auf \u2013 Ihr Partner f\u00fcr innovative Recyclingl\u00f6sungen. Wir freuen uns auf Ihre Anfrage und beraten Sie gerne pers\u00f6nlich!\",\"breadcrumb\":{\"@id\":\"https:\/\/www.swissrtec.ch\/de\/contact\/#breadcrumb\"},\"inLanguage\":\"de\",\"potentialAction\":[{\"@type\":\"ReadAction\",\"target\":[\"https:\/\/www.swissrtec.ch\/de\/contact\/\"]}]},{\"@type\":\"BreadcrumbList\",\"@id\":\"https:\/\/www.swissrtec.ch\/de\/contact\/#breadcrumb\",\"itemListElement\":[{\"@type\":\"ListItem\",\"position\":1,\"name\":\"Home\",\"item\":\"https:\/\/www.swissrtec.ch\/de\/\"},{\"@type\":\"ListItem\",\"position\":2,\"name\":\"Kontakt\"}]},{\"@type\":\"WebSite\",\"@id\":\"https:\/\/www.swissrtec.ch\/#website\",\"url\":\"https:\/\/www.swissrtec.ch\/\",\"name\":\"swissRTec\",\"description\":\"\",\"publisher\":{\"@id\":\"https:\/\/www.swissrtec.ch\/#organization\"},\"potentialAction\":[{\"@type\":\"SearchAction\",\"target\":{\"@type\":\"EntryPoint\",\"urlTemplate\":\"https:\/\/www.swissrtec.ch\/?s={search_term_string}\"},\"query-input\":{\"@type\":\"PropertyValueSpecification\",\"valueRequired\":true,\"valueName\":\"search_term_string\"}}],\"inLanguage\":\"de\"},{\"@type\":\"Organization\",\"@id\":\"https:\/\/www.swissrtec.ch\/#organization\",\"name\":\"swissRTec AG\",\"url\":\"https:\/\/www.swissrtec.ch\/\",\"logo\":{\"@type\":\"ImageObject\",\"inLanguage\":\"de\",\"@id\":\"https:\/\/www.swissrtec.ch\/#\/schema\/logo\/image\/\",\"url\":\"https:\/\/www.swissrtec.ch\/wp-content\/uploads\/2025\/03\/swissrtec-logo.svg\",\"contentUrl\":\"https:\/\/www.swissrtec.ch\/wp-content\/uploads\/2025\/03\/swissrtec-logo.svg\",\"width\":1,\"height\":1,\"caption\":\"swissRTec AG\"},\"image\":{\"@id\":\"https:\/\/www.swissrtec.ch\/#\/schema\/logo\/image\/\"}}]}<\/script>\n<!-- \/ Yoast SEO plugin. -->","yoast_head_json":{"title":"Kontakt - swissRTec AG","description":"Nehmen Sie Kontakt mit swissRTec AG auf \u2013 Ihr Partner f\u00fcr innovative Recyclingl\u00f6sungen. Wir freuen uns auf Ihre Anfrage und beraten Sie gerne pers\u00f6nlich!","robots":{"index":"index","follow":"follow","max-snippet":"max-snippet:-1","max-image-preview":"max-image-preview:large","max-video-preview":"max-video-preview:-1"},"canonical":"https:\/\/www.swissrtec.ch\/de\/contact\/","og_locale":"de_DE","og_type":"article","og_title":"Kontakt - swissRTec AG","og_description":"Nehmen Sie Kontakt mit swissRTec AG auf \u2013 Ihr Partner f\u00fcr innovative Recyclingl\u00f6sungen. Wir freuen uns auf Ihre Anfrage und beraten Sie gerne pers\u00f6nlich!","og_url":"https:\/\/www.swissrtec.ch\/de\/contact\/","og_site_name":"swissRTec AG","article_modified_time":"2025-09-22T05:59:51+00:00","twitter_card":"summary_large_image","schema":{"@context":"https:\/\/schema.org","@graph":[{"@type":"WebPage","@id":"https:\/\/www.swissrtec.ch\/de\/contact\/","url":"https:\/\/www.swissrtec.ch\/de\/contact\/","name":"Kontakt - swissRTec AG","isPartOf":{"@id":"https:\/\/www.swissrtec.ch\/#website"},"datePublished":"2025-06-01T12:48:10+00:00","dateModified":"2025-09-22T05:59:51+00:00","description":"Nehmen Sie Kontakt mit swissRTec AG auf \u2013 Ihr Partner f\u00fcr innovative Recyclingl\u00f6sungen. Wir freuen uns auf Ihre Anfrage und beraten Sie gerne pers\u00f6nlich!","breadcrumb":{"@id":"https:\/\/www.swissrtec.ch\/de\/contact\/#breadcrumb"},"inLanguage":"de","potentialAction":[{"@type":"ReadAction","target":["https:\/\/www.swissrtec.ch\/de\/contact\/"]}]},{"@type":"BreadcrumbList","@id":"https:\/\/www.swissrtec.ch\/de\/contact\/#breadcrumb","itemListElement":[{"@type":"ListItem","position":1,"name":"Home","item":"https:\/\/www.swissrtec.ch\/de\/"},{"@type":"ListItem","position":2,"name":"Kontakt"}]},{"@type":"WebSite","@id":"https:\/\/www.swissrtec.ch\/#website","url":"https:\/\/www.swissrtec.ch\/","name":"swissRTec","description":"","publisher":{"@id":"https:\/\/www.swissrtec.ch\/#organization"},"potentialAction":[{"@type":"SearchAction","target":{"@type":"EntryPoint","urlTemplate":"https:\/\/www.swissrtec.ch\/?s={search_term_string}"},"query-input":{"@type":"PropertyValueSpecification","valueRequired":true,"valueName":"search_term_string"}}],"inLanguage":"de"},{"@type":"Organization","@id":"https:\/\/www.swissrtec.ch\/#organization","name":"swissRTec AG","url":"https:\/\/www.swissrtec.ch\/","logo":{"@type":"ImageObject","inLanguage":"de","@id":"https:\/\/www.swissrtec.ch\/#\/schema\/logo\/image\/","url":"https:\/\/www.swissrtec.ch\/wp-content\/uploads\/2025\/03\/swissrtec-logo.svg","contentUrl":"https:\/\/www.swissrtec.ch\/wp-content\/uploads\/2025\/03\/swissrtec-logo.svg","width":1,"height":1,"caption":"swissRTec AG"},"image":{"@id":"https:\/\/www.swissrtec.ch\/#\/schema\/logo\/image\/"}}]}},"_links":{"self":[{"href":"https:\/\/www.swissrtec.ch\/de\/wp-json\/wp\/v2\/pages\/6196","targetHints":{"allow":["GET"]}}],"collection":[{"href":"https:\/\/www.swissrtec.ch\/de\/wp-json\/wp\/v2\/pages"}],"about":[{"href":"https:\/\/www.swissrtec.ch\/de\/wp-json\/wp\/v2\/types\/page"}],"author":[{"embeddable":true,"href":"https:\/\/www.swissrtec.ch\/de\/wp-json\/wp\/v2\/users\/1"}],"replies":[{"embeddable":true,"href":"https:\/\/www.swissrtec.ch\/de\/wp-json\/wp\/v2\/comments?post=6196"}],"version-history":[{"count":30,"href":"https:\/\/www.swissrtec.ch\/de\/wp-json\/wp\/v2\/pages\/6196\/revisions"}],"predecessor-version":[{"id":6761,"href":"https:\/\/www.swissrtec.ch\/de\/wp-json\/wp\/v2\/pages\/6196\/revisions\/6761"}],"wp:attachment":[{"href":"https:\/\/www.swissrtec.ch\/de\/wp-json\/wp\/v2\/media?parent=6196"}],"curies":[{"name":"wp","href":"https:\/\/api.w.org\/{rel}","templated":true}]}}